{"id":736,"date":"2026-03-28T19:28:21","date_gmt":"2026-03-28T19:28:21","guid":{"rendered":"https:\/\/tusbarkochba.de\/?page_id=736"},"modified":"2026-03-28T20:25:56","modified_gmt":"2026-03-28T20:25:56","slug":"vereinsreise","status":"publish","type":"page","link":"https:\/\/tusbarkochba.de\/ua\/vereinsreise","title":{"rendered":"\u041f\u043e\u0457\u0437\u0434\u043a\u0430 \u0434\u043e \u043a\u043b\u0443\u0431\u0443"},"content":{"rendered":"<div class=\"wp-block-group has-global-padding is-layout-constrained wp-container-core-group-is-layout-4383d167 wp-block-group-is-layout-constrained\">\n<hr class=\"wp-block-separator has-css-opacity hero-trenner\"\/>\n\n\n\n<div class=\"wp-block-columns are-vertically-aligned-top is-layout-flex wp-container-core-columns-is-layout-500fc115 wp-block-columns-is-layout-flex\">\n<div class=\"wp-block-column is-vertically-aligned-top is-layout-flow wp-block-column-is-layout-flow\" style=\"flex-basis:58%\">\n<p style=\"font-size:clamp(0.875rem, 0.875rem + ((1vw - 0.2rem) * 0.542), 1.2rem);line-height:1.75\">\u041d\u0430\u0448\u0456 \u043a\u043b\u0443\u0431\u043d\u0456 \u043f\u043e\u0457\u0437\u0434\u043a\u0438 \u2013 \u0446\u0435 \u043d\u0430\u0431\u0430\u0433\u0430\u0442\u043e \u0431\u0456\u043b\u044c\u0448\u0435, \u043d\u0456\u0436 \u043f\u0440\u043e\u0441\u0442\u043e \u0435\u043a\u0441\u043a\u0443\u0440\u0441\u0456\u0457. \u0412\u043e\u043d\u0438 \u043f\u043e\u0454\u0434\u043d\u0443\u044e\u0442\u044c \u0444\u0443\u0442\u0431\u043e\u043b, \u0441\u043f\u0456\u043b\u044c\u043d\u043e\u0442\u0443 \u0442\u0430 \u043d\u0435\u0437\u0430\u0431\u0443\u0442\u043d\u0456 \u0432\u0440\u0430\u0436\u0435\u043d\u043d\u044f. \u041f\u0440\u043e\u0442\u044f\u0433\u043e\u043c \u0431\u0430\u0433\u0430\u0442\u044c\u043e\u0445 \u0440\u043e\u043a\u0456\u0432 \u0432\u043e\u043d\u0438 \u0432\u043e\u0437\u044f\u0442\u044c TuS Bar Kochba \u0432 \u043e\u0441\u043e\u0431\u043b\u0438\u0432\u0456 \u043c\u0456\u0441\u0446\u044f \u2013 \u0456 \u0449\u043e\u0440\u0430\u0437\u0443 \u0441\u0442\u0432\u043e\u0440\u044e\u044e\u0442\u044c\u0441\u044f \u043d\u043e\u0432\u0456 \u0456\u0441\u0442\u043e\u0440\u0456\u0457, \u044f\u043a\u0456 \u043f\u0435\u0440\u0435\u0434\u0430\u044e\u0442\u044c\u0441\u044f \u043a\u043b\u0443\u0431\u043e\u043c \u0449\u0435 \u0434\u043e\u0432\u0433\u043e.<\/p>\n\n\n\n<p style=\"font-size:clamp(0.875rem, 0.875rem + ((1vw - 0.2rem) * 0.542), 1.2rem);line-height:1.75\">\u0427\u0438 \u0442\u043e \u0412\u0456\u0434\u0435\u043d\u044c, \u041f\u0440\u0430\u0433\u0430, \u0411\u0443\u0434\u0430\u043f\u0435\u0448\u0442, \u041b\u043e\u043d\u0434\u043e\u043d, \u041c\u0430\u0439\u043e\u0440\u043a\u0430, \u0413\u043b\u0430\u0437\u0433\u043e, \u0421\u0430\u043d\u043a\u0442-\u041c\u0430\u0440\u0456\u0454\u043d\u043a\u0456\u0440\u0445\u0435\u043d, \u0411\u0430\u0440\u0441\u0435\u043b\u043e\u043d\u0430, \u041f\u043e\u0440\u0442\u0443, \u041d\u0456\u0446\u0446\u0430, \u0410\u043c\u0441\u0442\u0435\u0440\u0434\u0430\u043c: \u0446\u0456 \u043f\u043e\u0457\u0437\u0434\u043a\u0438 \u043f\u043e\u043a\u0430\u0437\u0443\u044e\u0442\u044c, \u043d\u0430\u0441\u043a\u0456\u043b\u044c\u043a\u0438 \u044f\u0441\u043a\u0440\u0430\u0432\u0438\u043c \u0454 \u043d\u0430\u0448\u0435 \u043a\u043b\u0443\u0431\u043d\u0435 \u0436\u0438\u0442\u0442\u044f \u2013 \u043d\u0430 \u043f\u043e\u043b\u0456 \u0442\u0430 \u0434\u0430\u043b\u0435\u043a\u043e \u0437\u0430 \u0439\u043e\u0433\u043e \u043c\u0435\u0436\u0430\u043c\u0438.<\/p>\n<\/div>\n\n\n\n<div class=\"wp-block-column is-vertically-aligned-top is-layout-flow wp-block-column-is-layout-flow\" style=\"flex-basis:42%\">\n<div class=\"wp-block-group grimm-info-box is-layout-flow wp-block-group-is-layout-flow\" style=\"border-radius:18px;padding-top:26px;padding-right:26px;padding-bottom:26px;padding-left:26px\">\n<h3 class=\"wp-block-heading\" style=\"margin-top:0;margin-bottom:14px\">\u0417 \u043f\u0435\u0440\u0448\u043e\u0433\u043e \u043f\u043e\u0433\u043b\u044f\u0434\u0443<\/h3>\n\n\n\n<ul class=\"wp-block-list\">\n<li>\u0449\u043e\u0440\u0456\u0447\u043d\u0456 \u043a\u043b\u0443\u0431\u043d\u0456 \u043f\u043e\u0457\u0437\u0434\u043a\u0438<\/li>\n\n\n\n<li>\u043c\u0456\u0436\u043d\u0430\u0440\u043e\u0434\u043d\u0456 \u0446\u0456\u043b\u0456<\/li>\n\n\n\n<li>\u0424\u0443\u0442\u0431\u043e\u043b \u0456 \u0433\u0440\u043e\u043c\u0430\u0434\u0430<\/li>\n\n\n\n<li>\u043b\u0435\u0433\u0435\u043d\u0434\u0430\u0440\u043d\u0456 \u0456\u0433\u0440\u0438 \u0442\u0430 \u0456\u0441\u0442\u043e\u0440\u0456\u0457<\/li>\n<\/ul>\n<\/div>\n<\/div>\n<\/div>\n\n\n\n<div style=\"height:32px\" aria-hidden=\"true\" class=\"wp-block-spacer\"><\/div>\n\n\n\n<h2 class=\"wp-block-heading\">\u0413\u0430\u043b\u0435\u0440\u0435\u044f \u0437\u043e\u0431\u0440\u0430\u0436\u0435\u043d\u044c<\/h2>\n\n\n\n<figure class=\"wp-block-gallery has-nested-images columns-3 is-cropped wp-block-gallery-1 is-layout-flex wp-block-gallery-is-layout-flex\">\n<figure class=\"wp-block-image size-large\"><img decoding=\"async\" src=\"https:\/\/tusbarkochba.de\/wp-content\/uploads\/2026\/03\/176.jpg\" alt=\"Spielszene auf einer Vereinsreise\"\/><\/figure>\n\n\n\n<figure class=\"wp-block-image size-large\"><img decoding=\"async\" src=\"https:\/\/tusbarkochba.de\/wp-content\/uploads\/2026\/03\/158.jpg\" alt=\"Wimpel\u00fcbergabe beim legend\u00e4ren Mallorca-Spiel\"\/><\/figure>\n\n\n\n<figure class=\"wp-block-image size-large\"><img decoding=\"async\" src=\"https:\/\/tusbarkochba.de\/wp-content\/uploads\/2026\/03\/155.jpg\" alt=\"Spiel in Glasgow\"\/><\/figure>\n\n\n\n<figure class=\"wp-block-image size-large\"><img decoding=\"async\" src=\"https:\/\/tusbarkochba.de\/wp-content\/uploads\/2026\/03\/156.jpg\" alt=\"Baden im historischen Bad in Budapest\"\/><\/figure>\n\n\n\n<figure class=\"wp-block-image size-large\"><img decoding=\"async\" src=\"https:\/\/tusbarkochba.de\/wp-content\/uploads\/2026\/03\/157.jpg\" alt=\"Vereinsreise nach St. Marienkirchen\"\/><\/figure>\n<\/figure>\n\n\n\n<div style=\"height:40px\" aria-hidden=\"true\" class=\"wp-block-spacer\"><\/div>\n\n\n\n<h2 class=\"wp-block-heading\">\u041f\u043e\u0434\u043e\u0440\u043e\u0436\u0456 \u0437 \u0456\u0441\u0442\u043e\u0440\u0456\u0454\u044e<\/h2>\n\n\n\n<p>\u041a\u043b\u0443\u0431\u043d\u0456 \u043f\u043e\u0457\u0437\u0434\u043a\u0438 \u0432\u0436\u0435 \u0431\u0430\u0433\u0430\u0442\u043e \u0440\u043e\u043a\u0456\u0432 \u0454 \u043d\u0435\u0432\u0456\u0434&#039;\u0454\u043c\u043d\u043e\u044e \u0447\u0430\u0441\u0442\u0438\u043d\u043e\u044e \u043a\u043b\u0443\u0431\u043d\u043e\u0433\u043e \u0436\u0438\u0442\u0442\u044f. \u0412\u043e\u043d\u0438 \u043f\u043e\u0454\u0434\u043d\u0443\u044e\u0442\u044c \u0441\u043f\u043e\u0440\u0442\u0438\u0432\u043d\u0456 \u0437\u0430\u0445\u043e\u0434\u0438 \u0437\u0456 \u0441\u043f\u0456\u043b\u044c\u043d\u0438\u043c \u0434\u043e\u0441\u0432\u0456\u0434\u043e\u043c \u0456 \u0441\u0430\u043c\u0435 \u0446\u0435 \u0440\u043e\u0431\u0438\u0442\u044c TuS Bar Kochba \u0442\u0430\u043a\u0438\u043c \u043e\u0441\u043e\u0431\u043b\u0438\u0432\u0438\u043c.<\/p>\n\n\n\n<div class=\"wp-block-group grimm-info-box is-layout-flow wp-block-group-is-layout-flow\" style=\"border-radius:18px;padding-top:28px;padding-right:28px;padding-bottom:28px;padding-left:28px\">\n<h3 class=\"wp-block-heading\" style=\"margin-top:0;margin-bottom:20px\">\u0425\u0440\u043e\u043d\u043e\u043b\u043e\u0433\u0456\u044f<\/h3>\n\n\n\n<div class=\"wp-block-columns is-layout-flex wp-container-core-columns-is-layout-8e96f76c wp-block-columns-is-layout-flex\">\n<div class=\"wp-block-column is-layout-flow wp-block-column-is-layout-flow\" style=\"flex-basis:20%\">\n<p style=\"font-size:clamp(0.875rem, 0.875rem + ((1vw - 0.2rem) * 0.542), 1.2rem);font-weight:700\">2002<\/p>\n<\/div>\n\n\n\n<div class=\"wp-block-column is-layout-flow wp-block-column-is-layout-flow\" style=\"flex-basis:80%\">\n<p><strong>\u0412\u0456\u0434\u0435\u043d\u044c<\/strong> \u2013 \u043f\u043e\u0447\u0430\u0442\u043e\u043a \u0442\u043e\u0433\u043e, \u0449\u043e \u0432\u0436\u0435 \u0441\u0442\u0430\u043b\u043e \u0434\u0430\u0432\u043d\u044c\u043e\u044e \u0442\u0440\u0430\u0434\u0438\u0446\u0456\u0454\u044e \u0441\u043f\u0456\u043b\u044c\u043d\u0438\u0445 \u043a\u043b\u0443\u0431\u043d\u0438\u0445 \u043f\u043e\u0457\u0437\u0434\u043e\u043a.<\/p>\n<\/div>\n<\/div>\n\n\n\n<hr class=\"wp-block-separator has-text-color has-contrast-3-color has-alpha-channel-opacity has-contrast-3-background-color has-background\"\/>\n\n\n\n<div class=\"wp-block-columns is-layout-flex wp-container-core-columns-is-layout-8e96f76c wp-block-columns-is-layout-flex\">\n<div class=\"wp-block-column is-layout-flow wp-block-column-is-layout-flow\" style=\"flex-basis:20%\">\n<p style=\"font-size:clamp(0.875rem, 0.875rem + ((1vw - 0.2rem) * 0.542), 1.2rem);font-weight:700\">2003\u20132007 \u0440\u0440.<\/p>\n<\/div>\n\n\n\n<div class=\"wp-block-column is-layout-flow wp-block-column-is-layout-flow\" style=\"flex-basis:80%\">\n<p><strong>\u041f\u0440\u0430\u0433\u0430, \u0413\u043b\u0430\u0437\u0433\u043e, \u0411\u0443\u0434\u0430\u043f\u0435\u0448\u0442<\/strong> \u2013 \u041f\u043e\u0434\u043e\u0440\u043e\u0436\u0456, \u0441\u043f\u043e\u0432\u043d\u0435\u043d\u0456 \u0444\u0443\u0442\u0431\u043e\u043b\u0443, \u043c\u0456\u0441\u044c\u043a\u043e\u0433\u043e \u0436\u0438\u0442\u0442\u044f, \u0441\u043f\u0456\u043b\u044c\u043d\u0438\u0445 \u0432\u0440\u0430\u0436\u0435\u043d\u044c \u0442\u0430 \u043e\u0441\u043e\u0431\u043b\u0438\u0432\u0438\u0445 \u0437\u0443\u0441\u0442\u0440\u0456\u0447\u0435\u0439.<\/p>\n<\/div>\n<\/div>\n\n\n\n<hr class=\"wp-block-separator has-text-color has-contrast-3-color has-alpha-channel-opacity has-contrast-3-background-color has-background\"\/>\n\n\n\n<div class=\"wp-block-columns is-layout-flex wp-container-core-columns-is-layout-8e96f76c wp-block-columns-is-layout-flex\">\n<div class=\"wp-block-column is-layout-flow wp-block-column-is-layout-flow\" style=\"flex-basis:20%\">\n<p style=\"font-size:clamp(0.875rem, 0.875rem + ((1vw - 0.2rem) * 0.542), 1.2rem);font-weight:700\">2008<\/p>\n<\/div>\n\n\n\n<div class=\"wp-block-column is-layout-flow wp-block-column-is-layout-flow\" style=\"flex-basis:80%\">\n<p><strong>\u041c\u0430\u0439\u043e\u0440\u043a\u0430<\/strong> \u2013 \u043b\u0435\u0433\u0435\u043d\u0434\u0430\u0440\u043d\u0430 \u0433\u0440\u0430, \u044f\u043a\u0443 \u043f\u0456\u0441\u043b\u044f \u043f\u0435\u0440\u0435\u0440\u0432\u0438, \u043a\u043e\u043b\u0438 \u043a\u043e\u043c\u0430\u043d\u0434\u0430 \u043f\u0440\u043e\u0433\u0440\u0430\u0432\u0430\u043b\u0430 0-8, \u0431\u0443\u043b\u043e \u0432\u0438\u0433\u0440\u0430\u043d\u043e \u0437 \u0440\u0430\u0445\u0443\u043d\u043a\u043e\u043c 9-8. \u041c\u043e\u043c\u0435\u043d\u0442, \u044f\u043a\u0438\u0439 \u0437\u0430\u043b\u0438\u0448\u0430\u0454\u0442\u044c\u0441\u044f \u0447\u0430\u0441\u0442\u0438\u043d\u043e\u044e \u0456\u0441\u0442\u043e\u0440\u0456\u0457 \u043a\u043b\u0443\u0431\u0443 \u0439 \u0434\u043e\u043d\u0438\u043d\u0456.<\/p>\n\n\n\n<p><strong>\u0426\u0435\u0440\u043a\u0432\u0430 \u0421\u0432\u044f\u0442\u043e\u0457 \u041c\u0430\u0440\u0456\u0457<\/strong> \u2013 \u043f\u043e\u0434\u043e\u0440\u043e\u0436, \u044f\u043a\u0430 \u043e\u0441\u043e\u0431\u043b\u0438\u0432\u0438\u043c \u0447\u0438\u043d\u043e\u043c \u043f\u043e\u0454\u0434\u043d\u0430\u043b\u0430 \u0441\u043f\u043e\u0440\u0442\u0438\u0432\u043d\u0438\u0439 \u0434\u043e\u0441\u0432\u0456\u0434 \u0442\u0430 \u0447\u0430\u0441, \u043f\u0440\u043e\u0432\u0435\u0434\u0435\u043d\u0438\u0439 \u0440\u0430\u0437\u043e\u043c.<\/p>\n<\/div>\n<\/div>\n\n\n\n<hr class=\"wp-block-separator has-text-color has-contrast-3-color has-alpha-channel-opacity has-contrast-3-background-color has-background\"\/>\n\n\n\n<div class=\"wp-block-columns is-layout-flex wp-container-core-columns-is-layout-8e96f76c wp-block-columns-is-layout-flex\">\n<div class=\"wp-block-column is-layout-flow wp-block-column-is-layout-flow\" style=\"flex-basis:20%\">\n<p style=\"font-size:clamp(0.875rem, 0.875rem + ((1vw - 0.2rem) * 0.542), 1.2rem);font-weight:700\">\u043f\u043e\u0434\u0430\u043b\u044c\u0448\u0456 \u0446\u0456\u043b\u0456<\/p>\n<\/div>\n\n\n\n<div class=\"wp-block-column is-layout-flow wp-block-column-is-layout-flow\" style=\"flex-basis:80%\">\n<p>\u041b\u043e\u043d\u0434\u043e\u043d, \u0413\u0435\u043b\u044c\u0441\u0456\u043d\u043a\u0456, \u041a\u0440\u0430\u043a\u0456\u0432, \u0411\u0430\u0440\u0441\u0435\u043b\u043e\u043d\u0430, \u041f\u043e\u0440\u0442\u0443, \u041d\u0456\u0446\u0446\u0430 \u0442\u0430 \u0410\u043c\u0441\u0442\u0435\u0440\u0434\u0430\u043c \u0434\u0435\u043c\u043e\u043d\u0441\u0442\u0440\u0443\u044e\u0442\u044c, \u043d\u0430\u0441\u043a\u0456\u043b\u044c\u043a\u0438 \u0448\u0438\u0440\u043e\u043a\u0438\u043c \u0441\u0442\u0430\u0432 \u0430\u0441\u043e\u0440\u0442\u0438\u043c\u0435\u043d\u0442 \u043a\u043b\u0443\u0431\u043d\u0438\u0445 \u043f\u043e\u0457\u0437\u0434\u043e\u043a \u0437\u0430 \u0446\u0456 \u0440\u043e\u043a\u0438.<\/p>\n<\/div>\n<\/div>\n<\/div>\n\n\n\n<div style=\"height:40px\" aria-hidden=\"true\" class=\"wp-block-spacer\"><\/div>\n\n\n\n<h2 class=\"wp-block-heading\">\u0429\u043e \u0440\u043e\u0431\u0438\u0442\u044c \u043d\u0430\u0448\u0456 \u043f\u043e\u0434\u043e\u0440\u043e\u0436\u0456 \u043e\u0441\u043e\u0431\u043b\u0438\u0432\u0438\u043c\u0438<\/h2>\n\n\n\n<div class=\"wp-block-columns is-layout-flex wp-container-core-columns-is-layout-6cedfde3 wp-block-columns-is-layout-flex\">\n<div class=\"wp-block-column is-layout-flow wp-block-column-is-layout-flow\">\n<div class=\"wp-block-group grimm-info-box is-layout-flow wp-block-group-is-layout-flow\" style=\"border-radius:18px;padding-top:24px;padding-right:24px;padding-bottom:24px;padding-left:24px\">\n<h3 class=\"wp-block-heading\">\u0421\u043f\u043e\u0440\u0442\u0438\u0432\u043d\u0438\u0439<\/h3>\n\n\n\n<p>\u0422\u043e\u0432\u0430\u0440\u0438\u0441\u044c\u043a\u0456 \u043c\u0430\u0442\u0447\u0456 \u0442\u0430 \u043c\u0456\u0436\u043d\u0430\u0440\u043e\u0434\u043d\u0456 \u0437\u0443\u0441\u0442\u0440\u0456\u0447\u0456 \u0437\u0430\u0431\u0435\u0437\u043f\u0435\u0447\u0443\u044e\u0442\u044c \u043e\u0441\u043e\u0431\u043b\u0438\u0432\u0456 \u0441\u043f\u043e\u0440\u0442\u0438\u0432\u043d\u0456 \u043c\u043e\u043c\u0435\u043d\u0442\u0438.<\/p>\n<\/div>\n<\/div>\n\n\n\n<div class=\"wp-block-column is-layout-flow wp-block-column-is-layout-flow\">\n<div class=\"wp-block-group grimm-info-box is-layout-flow wp-block-group-is-layout-flow\" style=\"border-radius:18px;padding-top:24px;padding-right:24px;padding-bottom:24px;padding-left:24px\">\n<h3 class=\"wp-block-heading\">\u041a\u0443\u043b\u044c\u0442\u0443\u0440\u043d\u0456<\/h3>\n\n\n\n<p>\u0412\u0456\u0434\u043a\u0440\u0438\u0442\u0442\u044f \u043d\u043e\u0432\u0438\u0445 \u043c\u0456\u0441\u0442, \u0441\u043f\u0456\u043b\u044c\u043d\u0456 \u043f\u043e\u0434\u043e\u0440\u043e\u0436\u0456 \u0442\u0430 \u0437\u043d\u0430\u0439\u043e\u043c\u0441\u0442\u0432\u043e \u0437 \u043e\u0441\u043e\u0431\u043b\u0438\u0432\u0438\u043c\u0438 \u043c\u0456\u0441\u0446\u044f\u043c\u0438 \u2013 \u0446\u0435 \u0442\u0430\u043a\u043e\u0436 \u0437\u0430\u0432\u0436\u0434\u0438 \u0447\u0430\u0441\u0442\u0438\u043d\u0430 \u0446\u044c\u043e\u0433\u043e.<\/p>\n<\/div>\n<\/div>\n\n\n\n<div class=\"wp-block-column is-layout-flow wp-block-column-is-layout-flow\">\n<div class=\"wp-block-group grimm-info-box is-layout-flow wp-block-group-is-layout-flow\" style=\"border-radius:18px;padding-top:24px;padding-right:24px;padding-bottom:24px;padding-left:24px\">\n<h3 class=\"wp-block-heading\">\u0433\u0440\u043e\u043c\u0430\u0434\u0430<\/h3>\n\n\n\n<p>\u041d\u0430\u0439\u0432\u0430\u0436\u043b\u0438\u0432\u0456\u0448\u0438\u043c \u0437\u0430\u043b\u0438\u0448\u0430\u0454\u0442\u044c\u0441\u044f \u0442\u043e\u0432\u0430\u0440\u0438\u0441\u044c\u043a\u0438\u0439 \u0434\u0443\u0445. \u041f\u043e\u0457\u0437\u0434\u043a\u0438 \u0437\u043c\u0456\u0446\u043d\u044e\u044e\u0442\u044c \u043a\u043e\u043c\u0430\u043d\u0434\u043d\u0438\u0439 \u0434\u0443\u0445 \u0456 \u0441\u0442\u0432\u043e\u0440\u044e\u044e\u0442\u044c \u0441\u043f\u043e\u0433\u0430\u0434\u0438, \u044f\u043a\u0456 \u043f\u0456\u0434\u0442\u0440\u0438\u043c\u0443\u044e\u0442\u044c \u043a\u043b\u0443\u0431.<\/p>\n<\/div>\n<\/div>\n<\/div>\n\n\n\n<blockquote class=\"wp-block-quote is-layout-flow wp-block-quote-is-layout-flow\" style=\"margin-top:32px\">\n<p>\u041d\u0430\u0448\u0456 \u043a\u043b\u0443\u0431\u043d\u0456 \u043f\u043e\u0457\u0437\u0434\u043a\u0438 \u0454 \u0447\u0430\u0441\u0442\u0438\u043d\u043e\u044e \u043d\u0430\u0448\u043e\u0457 \u043a\u043b\u0443\u0431\u043d\u043e\u0457 \u043a\u0443\u043b\u044c\u0442\u0443\u0440\u0438 \u2013 \u0437 \u0444\u0443\u0442\u0431\u043e\u043b\u043e\u043c, \u0441\u043f\u0456\u043b\u044c\u043d\u043e\u0442\u043e\u044e \u0442\u0430 \u0456\u0441\u0442\u043e\u0440\u0456\u044f\u043c\u0438, \u044f\u043a\u0456 \u0437\u0430\u043b\u0438\u0448\u0430\u044e\u0442\u044c\u0441\u044f \u0432 \u043f\u0430\u043c&#039;\u044f\u0442\u0456.<\/p>\n<\/blockquote>\n<\/div>","protected":false},"excerpt":{"rendered":"<p>Unsere Vereinsreisen sind weit mehr als Ausfl\u00fcge. Sie verbinden Fu\u00dfball, Gemeinschaft und unvergessliche Erlebnisse. Seit vielen Jahren f\u00fchren sie TuS Bar Kochba an besondere Orte \u2013 und jedes Mal entstehen [&hellip;]<\/p>\n","protected":false},"author":1,"featured_media":0,"parent":0,"menu_order":0,"comment_status":"closed","ping_status":"closed","template":"","meta":{"pgc_sgb_lightbox_settings":"","_EventAllDay":false,"_EventTimezone":"","_EventStartDate":"","_EventEndDate":"","_EventStartDateUTC":"","_EventEndDateUTC":"","_EventShowMap":false,"_EventShowMapLink":false,"_EventURL":"","_EventCost":"","_EventCostDescription":"","_EventCurrencySymbol":"","_EventCurrencyCode":"","_EventCurrencyPosition":"","_EventDateTimeSeparator":"","_EventTimeRangeSeparator":"","_EventOrganizerID":[],"_EventVenueID":[],"_OrganizerEmail":"","_OrganizerPhone":"","_OrganizerWebsite":"","_VenueAddress":"","_VenueCity":"","_VenueCountry":"","_VenueProvince":"","_VenueState":"","_VenueZip":"","_VenuePhone":"","_VenueURL":"","_VenueStateProvince":"","_VenueLat":"","_VenueLng":"","_VenueShowMap":false,"_VenueShowMapLink":false,"footnotes":""},"class_list":["post-736","page","type-page","status-publish","hentry"],"_links":{"self":[{"href":"https:\/\/tusbarkochba.de\/ua\/wp-json\/wp\/v2\/pages\/736","targetHints":{"allow":["GET"]}}],"collection":[{"href":"https:\/\/tusbarkochba.de\/ua\/wp-json\/wp\/v2\/pages"}],"about":[{"href":"https:\/\/tusbarkochba.de\/ua\/wp-json\/wp\/v2\/types\/page"}],"author":[{"embeddable":true,"href":"https:\/\/tusbarkochba.de\/ua\/wp-json\/wp\/v2\/users\/1"}],"replies":[{"embeddable":true,"href":"https:\/\/tusbarkochba.de\/ua\/wp-json\/wp\/v2\/comments?post=736"}],"version-history":[{"count":12,"href":"https:\/\/tusbarkochba.de\/ua\/wp-json\/wp\/v2\/pages\/736\/revisions"}],"predecessor-version":[{"id":1190,"href":"https:\/\/tusbarkochba.de\/ua\/wp-json\/wp\/v2\/pages\/736\/revisions\/1190"}],"wp:attachment":[{"href":"https:\/\/tusbarkochba.de\/ua\/wp-json\/wp\/v2\/media?parent=736"}],"curies":[{"name":"\u0412\u041f","href":"https:\/\/api.w.org\/{rel}","templated":true}]}}