{"id":637,"date":"2026-03-28T13:15:25","date_gmt":"2026-03-28T13:15:25","guid":{"rendered":"https:\/\/tusbarkochba.de\/?page_id=637"},"modified":"2026-03-28T13:41:29","modified_gmt":"2026-03-28T13:41:29","slug":"verein","status":"publish","type":"page","link":"https:\/\/tusbarkochba.de\/ua\/verein","title":{"rendered":"\u0410\u0441\u043e\u0446\u0456\u0430\u0446\u0456\u044f"},"content":{"rendered":"<div class=\"wp-block-group alignfull has-background has-global-padding is-layout-constrained wp-container-core-group-is-layout-450739fe wp-block-group-is-layout-constrained\" style=\"background-color:#3d67a8;padding-top:80px;padding-bottom:60px\">\n<p class=\"has-text-color\" style=\"color:#f4f7fc;font-size:clamp(0.875rem, 0.875rem + ((1vw - 0.2rem) * 0.708), 1.3rem);line-height:1.7\">\nTuS Bar Kochba N\u00fcrnberg e. V. \u0432\u0436\u0435 \u043f\u043e\u043d\u0430\u0434 100 \u0440\u043e\u043a\u0456\u0432 \u0432\u0438\u0441\u0442\u0443\u043f\u0430\u0454 \u0437\u0430 \u0441\u043f\u043e\u0440\u0442, \u0433\u0440\u043e\u043c\u0430\u0434\u0443 \u0442\u0430 \u0441\u043e\u043b\u0456\u0434\u0430\u0440\u043d\u0456\u0441\u0442\u044c. \u0422\u0435, \u0449\u043e \u043f\u043e\u0447\u0438\u043d\u0430\u043b\u043e\u0441\u044f \u044f\u043a \u0454\u0432\u0440\u0435\u0439\u0441\u044c\u043a\u0438\u0439 \u0433\u0456\u043c\u043d\u0430\u0441\u0442\u0438\u0447\u043d\u0438\u0439 \u0442\u0430 \u0441\u043f\u043e\u0440\u0442\u0438\u0432\u043d\u0438\u0439 \u043a\u043b\u0443\u0431, \u0441\u044c\u043e\u0433\u043e\u0434\u043d\u0456 \u0454 \u0434\u0438\u043d\u0430\u043c\u0456\u0447\u043d\u0438\u043c \u043a\u043b\u0443\u0431\u043e\u043c, \u0434\u0435 \u0441\u043f\u043e\u0440\u0442\u0438\u0432\u043d\u0430 \u0430\u043a\u0442\u0438\u0432\u043d\u0456\u0441\u0442\u044c \u0442\u0430 \u043e\u0441\u043e\u0431\u0438\u0441\u0442\u0456 \u0437\u0432&#039;\u044f\u0437\u043a\u0438 \u043c\u0430\u044e\u0442\u044c \u043e\u0434\u043d\u0430\u043a\u043e\u0432\u0435 \u0437\u043d\u0430\u0447\u0435\u043d\u043d\u044f.\n<\/p>\n<\/div>\n\n\n\n<div class=\"wp-block-group alignfull has-background has-global-padding is-layout-constrained wp-container-core-group-is-layout-a75ab12b wp-block-group-is-layout-constrained\" style=\"background-color:#dfe7f2;padding-top:70px;padding-bottom:40px\">\n<div class=\"wp-block-columns are-vertically-aligned-top is-layout-flex wp-container-core-columns-is-layout-f2b4f319 wp-block-columns-is-layout-flex\">\n<div class=\"wp-block-column is-vertically-aligned-top is-layout-flow wp-block-column-is-layout-flow\" style=\"flex-basis:62%\">\n<h2 class=\"wp-block-heading has-text-color\" style=\"color:#24498a\">\u0427\u0438\u043c \u0432\u0456\u0434\u0440\u0456\u0437\u043d\u044f\u0454\u0442\u044c\u0441\u044f \u043d\u0430\u0448 \u043a\u043b\u0443\u0431<\/h2>\n\n\n\n<p class=\"has-text-color\" style=\"color:#24498a;font-size:clamp(0.875rem, 0.875rem + ((1vw - 0.2rem) * 0.542), 1.2rem);line-height:1.75\">\n\u041d\u0430\u0448 \u043a\u043b\u0443\u0431 \u043f\u043e\u0454\u0434\u043d\u0443\u0454 \u0441\u043f\u043e\u0440\u0442\u0438\u0432\u043d\u0443 \u0434\u0456\u044f\u043b\u044c\u043d\u0456\u0441\u0442\u044c \u0456\u0437 \u0441\u0438\u043b\u044c\u043d\u043e\u044e \u0441\u043f\u0456\u043b\u044c\u043d\u043e\u0442\u043e\u044e. \u0424\u0443\u0442\u0431\u043e\u043b \u0454 \u043a\u043b\u044e\u0447\u043e\u0432\u0438\u043c \u043d\u0430\u043f\u0440\u044f\u043c\u043a\u043e\u043c \u2013 \u0432\u043e\u0434\u043d\u043e\u0447\u0430\u0441, \u00ab\u0411\u0430\u0440 \u041a\u043e\u0445\u0431\u0430\u00bb \u043f\u0440\u043e\u0446\u0432\u0456\u0442\u0430\u0454 \u0437\u0430\u0432\u0434\u044f\u043a\u0438 \u043b\u044e\u0434\u044f\u043c, \u044f\u043a\u0456 \u0432\u0456\u0434\u0434\u0430\u043d\u0456 \u0441\u0432\u043e\u0457\u0439 \u0441\u043f\u0440\u0430\u0432\u0456 \u043f\u0440\u043e\u0442\u044f\u0433\u043e\u043c \u0431\u0430\u0433\u0430\u0442\u044c\u043e\u0445 \u0440\u043e\u043a\u0456\u0432, \u0431\u0435\u0440\u0443\u0442\u044c \u043d\u0430 \u0441\u0435\u0431\u0435 \u0432\u0456\u0434\u043f\u043e\u0432\u0456\u0434\u0430\u043b\u044c\u043d\u0456\u0441\u0442\u044c \u0442\u0430 \u0434\u043e\u043f\u043e\u043c\u0430\u0433\u0430\u044e\u0442\u044c \u0444\u043e\u0440\u043c\u0443\u0432\u0430\u0442\u0438 \u043a\u043b\u0443\u0431.\n<\/p>\n<\/div>\n\n\n\n<div class=\"wp-block-column is-vertically-aligned-top is-layout-flow wp-block-column-is-layout-flow\" style=\"flex-basis:38%\">\n<div class=\"wp-block-group kochba-sidebox has-background is-layout-flow wp-block-group-is-layout-flow\" style=\"border-radius:24px;background-color:#365fa8;padding-top:28px;padding-right:28px;padding-bottom:28px;padding-left:28px\">\n<h3 class=\"wp-block-heading has-text-color\" style=\"color:#ffffff\">\u0417 \u043f\u0435\u0440\u0448\u043e\u0433\u043e \u043f\u043e\u0433\u043b\u044f\u0434\u0443<\/h3>\n\n\n\n<ul style=\"color:#f8f9fd;font-size:clamp(0.875rem, 0.875rem + ((1vw - 0.2rem) * 0.458), 1.15rem);line-height:1.8\" class=\"wp-block-list has-text-color\">\n<li>\u041f\u043e\u043d\u0430\u0434 100 \u0440\u043e\u043a\u0456\u0432 \u0456\u0441\u0442\u043e\u0440\u0456\u0457 \u043a\u043b\u0443\u0431\u0443<\/li>\n\n\n\n<li>\u0424\u0443\u0442\u0431\u043e\u043b \u0456 \u0433\u0440\u043e\u043c\u0430\u0434\u0430<\/li>\n\n\n\n<li>\u0412\u0438\u0434\u0456\u043b\u0435\u043d\u0430 \u0434\u043e\u0448\u043a\u0430<\/li>\n\n\n\n<li>\u0417\u0432&#039;\u044f\u0437\u043a\u0438 \u043c\u0456\u0436 \u043f\u043e\u043a\u043e\u043b\u0456\u043d\u043d\u044f\u043c\u0438<\/li>\n<\/ul>\n<\/div>\n<\/div>\n<\/div>\n<\/div>\n\n\n\n<div class=\"wp-block-group alignfull has-background has-global-padding is-layout-constrained wp-container-core-group-is-layout-f2f95032 wp-block-group-is-layout-constrained\" style=\"background-color:#f5f5f5;padding-top:20px;padding-bottom:80px\">\n<h2 class=\"wp-block-heading has-text-align-center has-text-color\" style=\"color:#24498a;margin-top:0;margin-bottom:40px\">\u0429\u043e \u0432\u0438\u0437\u043d\u0430\u0447\u0430\u0454 \u043a\u043b\u0443\u0431<\/h2>\n\n\n\n<div class=\"wp-block-columns is-layout-flex wp-container-core-columns-is-layout-6cedfde3 wp-block-columns-is-layout-flex\">\n<div class=\"wp-block-column is-layout-flow wp-block-column-is-layout-flow\">\n<div class=\"wp-block-group kochba-kachel has-background is-layout-flow wp-block-group-is-layout-flow\" style=\"border-radius:24px;background-color:#2d5798;padding-top:28px;padding-right:28px;padding-bottom:28px;padding-left:28px\">\n<p style=\"margin-top:0;margin-bottom:10px;font-size:clamp(1.25rem, 1.25rem + ((1vw - 0.2rem) * 1.25), 2rem);\">\u26bd<\/p>\n\n\n\n<h3 class=\"wp-block-heading has-text-color\" style=\"color:#ffffff\">\u0441\u043f\u043e\u0440\u0442<\/h3>\n\n\n\n<p class=\"has-text-color\" style=\"color:#f5f7fc;font-size:clamp(0.875rem, 0.875rem + ((1vw - 0.2rem) * 0.458), 1.15rem);line-height:1.7\">\n\u0424\u0443\u0442\u0431\u043e\u043b \u2013 \u0446\u0435 \u0441\u043f\u043e\u0440\u0442\u0438\u0432\u043d\u0435 \u0441\u0435\u0440\u0446\u0435 \u043a\u043b\u0443\u0431\u0443. \u0412\u0456\u043d \u043e\u0431\u2019\u0454\u0434\u043d\u0443\u0454 \u043b\u044e\u0434\u0435\u0439 \u0456 \u0441\u0442\u0432\u043e\u0440\u044e\u0454 \u0437\u0443\u0441\u0442\u0440\u0456\u0447\u0456, \u044f\u043a\u0456 \u0432\u0438\u0445\u043e\u0434\u044f\u0442\u044c \u0434\u0430\u043b\u0435\u043a\u043e \u0437\u0430 \u0440\u0430\u043c\u043a\u0438 \u0434\u043d\u044f \u043c\u0430\u0442\u0447\u0443.\n<\/p>\n<\/div>\n<\/div>\n\n\n\n<div class=\"wp-block-column is-layout-flow wp-block-column-is-layout-flow\">\n<div class=\"wp-block-group kochba-kachel has-background is-layout-flow wp-block-group-is-layout-flow\" style=\"border-radius:24px;background-color:#2d5798;padding-top:28px;padding-right:28px;padding-bottom:28px;padding-left:28px\">\n<p style=\"margin-top:0;margin-bottom:10px;font-size:clamp(1.25rem, 1.25rem + ((1vw - 0.2rem) * 1.25), 2rem);\">\ud83e\udd1d<\/p>\n\n\n\n<h3 class=\"wp-block-heading has-text-color\" style=\"color:#ffffff\">\u0433\u0440\u043e\u043c\u0430\u0434\u0430<\/h3>\n\n\n\n<p class=\"has-text-color\" style=\"color:#f5f7fc;font-size:clamp(0.875rem, 0.875rem + ((1vw - 0.2rem) * 0.458), 1.15rem);line-height:1.7\">\n\u0411\u0430\u0433\u0430\u0442\u043e \u0447\u043b\u0435\u043d\u0456\u0432 \u0437\u0430\u043b\u0438\u0448\u0430\u044e\u0442\u044c\u0441\u044f \u043f\u043e\u0432&#039;\u044f\u0437\u0430\u043d\u0438\u043c\u0438 \u0437 \u043a\u043b\u0443\u0431\u043e\u043c \u043f\u0440\u043e\u0442\u044f\u0433\u043e\u043c \u0442\u0440\u0438\u0432\u0430\u043b\u043e\u0433\u043e \u0447\u0430\u0441\u0443. \u0410\u043a\u0442\u0438\u0432\u043d\u0456 \u0447\u043b\u0435\u043d\u0438, \u0432\u0438\u043f\u0443\u0441\u043a\u043d\u0438\u043a\u0438 \u0442\u0430 \u0434\u0440\u0443\u0437\u0456 \u0440\u043e\u0431\u043b\u044f\u0442\u044c \u0441\u0432\u0456\u0439 \u0432\u043d\u0435\u0441\u043e\u043a \u0443 \u0434\u0456\u044f\u043b\u044c\u043d\u0456\u0441\u0442\u044c \u043a\u043b\u0443\u0431\u0443.\n<\/p>\n<\/div>\n<\/div>\n<\/div>\n\n\n\n<div class=\"wp-block-columns is-layout-flex wp-container-core-columns-is-layout-6cedfde3 wp-block-columns-is-layout-flex\">\n<div class=\"wp-block-column is-layout-flow wp-block-column-is-layout-flow\">\n<div class=\"wp-block-group kochba-kachel has-background is-layout-flow wp-block-group-is-layout-flow\" style=\"border-radius:24px;background-color:#2d5798;padding-top:28px;padding-right:28px;padding-bottom:28px;padding-left:28px\">\n<p style=\"margin-top:0;margin-bottom:10px;font-size:clamp(1.25rem, 1.25rem + ((1vw - 0.2rem) * 1.25), 2rem);\">\ud83d\udcd8<\/p>\n\n\n\n<h3 class=\"wp-block-heading has-text-color\" style=\"color:#ffffff\">\u0442\u0440\u0430\u0434\u0438\u0446\u0456\u044f<\/h3>\n\n\n\n<p class=\"has-text-color\" style=\"color:#f5f7fc;font-size:clamp(0.875rem, 0.875rem + ((1vw - 0.2rem) * 0.458), 1.15rem);line-height:1.7\">\n\u0406\u0441\u0442\u043e\u0440\u0456\u044f \u043a\u043b\u0443\u0431\u0443 \u0454 \u0432\u0430\u0436\u043b\u0438\u0432\u043e\u044e \u0447\u0430\u0441\u0442\u0438\u043d\u043e\u044e \u0439\u043e\u0433\u043e \u0456\u0434\u0435\u043d\u0442\u0438\u0447\u043d\u043e\u0441\u0442\u0456. \u0412\u043e\u043d\u0430 \u0441\u043b\u0443\u0436\u0438\u0442\u044c \u043d\u0430\u0433\u0430\u0434\u0443\u0432\u0430\u043d\u043d\u044f\u043c \u043f\u0440\u043e \u0439\u043e\u0433\u043e \u043a\u043e\u0440\u0456\u043d\u043d\u044f \u0442\u0430 \u0432\u043e\u0434\u043d\u043e\u0447\u0430\u0441 \u0434\u0430\u0454 \u043e\u0440\u0456\u0454\u043d\u0442\u0438\u0440 \u043d\u0430 \u043c\u0430\u0439\u0431\u0443\u0442\u043d\u0454.\n<\/p>\n<\/div>\n<\/div>\n\n\n\n<div class=\"wp-block-column is-layout-flow wp-block-column-is-layout-flow\">\n<div class=\"wp-block-group kochba-kachel has-background is-layout-flow wp-block-group-is-layout-flow\" style=\"border-radius:24px;background-color:#2d5798;padding-top:28px;padding-right:28px;padding-bottom:28px;padding-left:28px\">\n<p style=\"margin-top:0;margin-bottom:10px;font-size:clamp(1.25rem, 1.25rem + ((1vw - 0.2rem) * 1.25), 2rem);\">\ud83d\udee0\ufe0f<\/p>\n\n\n\n<h3 class=\"wp-block-heading has-text-color\" style=\"color:#ffffff\">\u0437\u0430\u0440\u0443\u0447\u0438\u043d\u0438<\/h3>\n\n\n\n<p class=\"has-text-color\" style=\"color:#f5f7fc;font-size:clamp(0.875rem, 0.875rem + ((1vw - 0.2rem) * 0.458), 1.15rem);line-height:1.7\">\n\u041a\u043b\u0443\u0431 \u043f\u0440\u043e\u0446\u0432\u0456\u0442\u0430\u0454 \u0437\u0430\u0432\u0434\u044f\u043a\u0438 \u0432\u0456\u0434\u0434\u0430\u043d\u043e\u0441\u0442\u0456 \u0441\u0432\u043e\u0457\u0445 \u0447\u043b\u0435\u043d\u0456\u0432. \u041e\u0440\u0433\u0430\u043d\u0456\u0437\u0430\u0446\u0456\u044f, \u043f\u0456\u0434\u0442\u0440\u0438\u043c\u043a\u0430 \u0442\u0430 \u043a\u043b\u0443\u0431\u043d\u0435 \u0436\u0438\u0442\u0442\u044f \u0441\u0442\u0432\u043e\u0440\u044e\u044e\u0442\u044c\u0441\u044f \u043b\u044e\u0434\u044c\u043c\u0438, \u044f\u043a\u0456 \u0431\u0435\u0440\u0443\u0442\u044c \u043d\u0430 \u0441\u0435\u0431\u0435 \u0432\u0456\u0434\u043f\u043e\u0432\u0456\u0434\u0430\u043b\u044c\u043d\u0456\u0441\u0442\u044c.\n<\/p>\n<\/div>\n<\/div>\n<\/div>\n<\/div>\n\n\n\n<div class=\"wp-block-group alignfull has-background has-global-padding is-layout-constrained wp-container-core-group-is-layout-b2c90478 wp-block-group-is-layout-constrained\" style=\"background-color:#dfe7f2;padding-top:70px;padding-bottom:90px\">\n<h2 class=\"wp-block-heading has-text-color\" style=\"color:#24498a;margin-top:0;margin-bottom:28px\">\u0420\u0430\u0434\u0430 \u0434\u0438\u0440\u0435\u043a\u0442\u043e\u0440\u0456\u0432 \u0442\u0430 \u0432\u0456\u0434\u043f\u043e\u0432\u0456\u0434\u0430\u043b\u044c\u043d\u0456 \u043e\u0441\u043e\u0431\u0438<\/h2>\n\n\n\n<p class=\"has-text-color\" style=\"color:#24498a;font-size:clamp(0.875rem, 0.875rem + ((1vw - 0.2rem) * 0.542), 1.2rem);line-height:1.8\">\n\u041a\u043b\u0443\u0431 \u043f\u0456\u0434\u0442\u0440\u0438\u043c\u0443\u0454\u0442\u044c\u0441\u044f \u0441\u043f\u0435\u0446\u0456\u0430\u043b\u044c\u043d\u043e \u043f\u0440\u0438\u0437\u043d\u0430\u0447\u0435\u043d\u043e\u044e \u0440\u0430\u0434\u043e\u044e \u0442\u0430 \u0456\u043d\u0448\u0438\u043c\u0438 \u0432\u0456\u0434\u043f\u043e\u0432\u0456\u0434\u0430\u043b\u044c\u043d\u0438\u043c\u0438 \u043e\u0441\u043e\u0431\u0430\u043c\u0438. \u0412\u043e\u043d\u0438 \u0437\u0430\u0431\u0435\u0437\u043f\u0435\u0447\u0443\u044e\u0442\u044c \u043d\u0430\u0434\u0456\u0439\u043d\u0435 \u0444\u0443\u043d\u043a\u0446\u0456\u043e\u043d\u0443\u0432\u0430\u043d\u043d\u044f \u0456\u0433\u043e\u0440, \u043e\u0440\u0433\u0430\u043d\u0456\u0437\u0430\u0446\u0456\u0457 \u0442\u0430 \u043a\u043b\u0443\u0431\u043d\u043e\u0433\u043e \u0436\u0438\u0442\u0442\u044f.\n<\/p>\n\n\n\n<p><a href=\"\/ua\/team\/\" class=\"kochba-pill-link\">\u041f\u0440\u0438\u0454\u0434\u043d\u0443\u0439\u0442\u0435\u0441\u044c \u0434\u043e \u043a\u043e\u043c\u0430\u043d\u0434\u0438<\/a><\/p>\n<\/div>\n\n\n\n<div class=\"wp-block-group alignfull has-background has-global-padding is-layout-constrained wp-container-core-group-is-layout-b2c90478 wp-block-group-is-layout-constrained\" style=\"background-color:#2e589a;padding-top:70px;padding-bottom:90px\">\n<blockquote class=\"wp-block-quote is-style-large has-text-color is-layout-flow wp-block-quote-is-layout-flow\" style=\"color:#ffffff;font-size:clamp(1.352rem, 1.352rem + ((1vw - 0.2rem) * 1.413), 2.2rem);font-style:italic;line-height:1.5\">\n<p>\u041a\u043b\u0443\u0431 \u0436\u0438\u0432\u0435 \u043d\u0435 \u043b\u0438\u0448\u0435 \u0437\u0430 \u0440\u0430\u0445\u0443\u043d\u043e\u043a \u0441\u043f\u043e\u0440\u0442\u0443, \u0430 \u0439, \u043f\u0435\u0440\u0448 \u0437\u0430 \u0432\u0441\u0435, \u0437\u0430 \u0440\u0430\u0445\u0443\u043d\u043e\u043a \u043b\u044e\u0434\u0435\u0439, \u044f\u043a\u0456 \u0439\u043e\u0433\u043e \u043f\u0456\u0434\u0442\u0440\u0438\u043c\u0443\u044e\u0442\u044c.<\/p>\n<\/blockquote>\n<\/div>\n\n\n\n<div class=\"wp-block-group alignfull has-background has-global-padding is-layout-constrained wp-container-core-group-is-layout-b2c90478 wp-block-group-is-layout-constrained\" style=\"background-color:#f5f5f5;padding-top:70px;padding-bottom:90px\">\n<div class=\"wp-block-columns are-vertically-aligned-top is-layout-flex wp-container-core-columns-is-layout-f2b4f319 wp-block-columns-is-layout-flex\">\n<div class=\"wp-block-column is-vertically-aligned-top is-layout-flow wp-block-column-is-layout-flow\" style=\"flex-basis:60%\">\n<h2 class=\"wp-block-heading has-text-color\" style=\"color:#24498a\">\u0431\u0443\u0442\u0438 \u0447\u0430\u0441\u0442\u0438\u043d\u043e\u044e \u043a\u043b\u0443\u0431\u0443<\/h2>\n\n\n\n<p class=\"has-text-color\" style=\"color:#24498a;font-size:clamp(0.875rem, 0.875rem + ((1vw - 0.2rem) * 0.542), 1.2rem);line-height:1.75\">\n\u00ab\u0422\u0443\u0421 \u0411\u0430\u0440 \u041a\u043e\u0445\u0431\u0430\u00bb \u043f\u0440\u043e\u0446\u0432\u0456\u0442\u0430\u0454 \u0437\u0430\u0432\u0434\u044f\u043a\u0438 \u043b\u044e\u0434\u044f\u043c, \u044f\u043a\u0456 \u0431\u0435\u0440\u0443\u0442\u044c \u0443\u0447\u0430\u0441\u0442\u044c \u0443 \u0436\u0438\u0442\u0442\u0456 \u043a\u043b\u0443\u0431\u0443, \u043f\u0456\u0434\u0442\u0440\u0438\u043c\u0443\u044e\u0442\u044c \u0439\u043e\u0433\u043e \u0442\u0430 \u0432\u0456\u0434\u0447\u0443\u0432\u0430\u044e\u0442\u044c \u0437\u0432\u2019\u044f\u0437\u043e\u043a \u0437 \u043d\u0438\u043c. \u0427\u0438 \u0442\u043e \u043d\u0430 \u043f\u043e\u043b\u0456, \u0447\u0438 \u0437\u0430 \u043b\u0430\u0448\u0442\u0443\u043d\u043a\u0430\u043c\u0438, \u0447\u0438 \u044f\u043a \u0447\u0430\u0441\u0442\u0438\u043d\u0430 \u0433\u0440\u043e\u043c\u0430\u0434\u0438 \u2013 \u043a\u043e\u0436\u0435\u043d \u0432\u043d\u0435\u0441\u043e\u043a \u0437\u043c\u0456\u0446\u043d\u044e\u0454 \u0436\u0438\u0442\u0442\u044f \u043a\u043b\u0443\u0431\u0443.\n<\/p>\n<\/div>\n\n\n\n<div class=\"wp-block-column is-vertically-aligned-top is-layout-flow wp-block-column-is-layout-flow\" style=\"flex-basis:40%\">\n<div class=\"wp-block-group has-background is-layout-flow wp-block-group-is-layout-flow\" style=\"border-radius:24px;background-color:#dfe7f2;padding-top:28px;padding-right:28px;padding-bottom:28px;padding-left:28px\">\n<ul style=\"color:#24498a;font-size:clamp(0.875rem, 0.875rem + ((1vw - 0.2rem) * 0.375), 1.1rem);line-height:1.9\" class=\"wp-block-list has-text-color\">\n<li><a style=\"color:#24498a;text-decoration:none;\" href=\"\/ua\/mannschaft\/\">\u043a\u043e\u043c\u0430\u043d\u0434\u0430<\/a><\/li>\n\n\n\n<li><a style=\"color:#24498a;text-decoration:none;\" href=\"\/ua\/gemeinschaft\/\">\u0433\u0440\u043e\u043c\u0430\u0434\u0430<\/a><\/li>\n\n\n\n<li><a style=\"color:#24498a;text-decoration:none;\" href=\"\/ua\/geschichte\/\">\u0406\u0441\u0442\u043e\u0440\u0456\u044f<\/a><\/li>\n\n\n\n<li><a style=\"color:#24498a;text-decoration:none;\" href=\"\/ua\/kontakt\/\">\u043a\u043e\u043d\u0442\u0430\u043a\u0442<\/a><\/li>\n<\/ul>\n\n\n\n<div class=\"wp-block-buttons is-layout-flex wp-block-buttons-is-layout-flex\">\n<div class=\"wp-block-button kochba-btn-primary\"><a class=\"wp-block-button__link wp-element-button\" href=\"\/ua\/kontakt\/\">\u043a\u043e\u043d\u0442\u0430\u043a\u0442<\/a><\/div>\n<\/div>\n<\/div>\n<\/div>\n<\/div>\n<\/div>","protected":false},"excerpt":{"rendered":"<p>Der TuS Bar Kochba N\u00fcrnberg e. V. steht seit \u00fcber 100 Jahren f\u00fcr Sport, Gemeinschaft und Zusammenhalt. Was als j\u00fcdischer Turn- und Sportverein begann, ist heute ein lebendiger Verein, in [&hellip;]<\/p>\n","protected":false},"author":1,"featured_media":0,"parent":0,"menu_order":0,"comment_status":"closed","ping_status":"closed","template":"","meta":{"pgc_sgb_lightbox_settings":"","_EventAllDay":false,"_EventTimezone":"","_EventStartDate":"","_EventEndDate":"","_EventStartDateUTC":"","_EventEndDateUTC":"","_EventShowMap":false,"_EventShowMapLink":false,"_EventURL":"","_EventCost":"","_EventCostDescription":"","_EventCurrencySymbol":"","_EventCurrencyCode":"","_EventCurrencyPosition":"","_EventDateTimeSeparator":"","_EventTimeRangeSeparator":"","_EventOrganizerID":[],"_EventVenueID":[],"_OrganizerEmail":"","_OrganizerPhone":"","_OrganizerWebsite":"","_VenueAddress":"","_VenueCity":"","_VenueCountry":"","_VenueProvince":"","_VenueState":"","_VenueZip":"","_VenuePhone":"","_VenueURL":"","_VenueStateProvince":"","_VenueLat":"","_VenueLng":"","_VenueShowMap":false,"_VenueShowMapLink":false,"footnotes":""},"class_list":["post-637","page","type-page","status-publish","hentry"],"_links":{"self":[{"href":"https:\/\/tusbarkochba.de\/ua\/wp-json\/wp\/v2\/pages\/637","targetHints":{"allow":["GET"]}}],"collection":[{"href":"https:\/\/tusbarkochba.de\/ua\/wp-json\/wp\/v2\/pages"}],"about":[{"href":"https:\/\/tusbarkochba.de\/ua\/wp-json\/wp\/v2\/types\/page"}],"author":[{"embeddable":true,"href":"https:\/\/tusbarkochba.de\/ua\/wp-json\/wp\/v2\/users\/1"}],"replies":[{"embeddable":true,"href":"https:\/\/tusbarkochba.de\/ua\/wp-json\/wp\/v2\/comments?post=637"}],"version-history":[{"count":4,"href":"https:\/\/tusbarkochba.de\/ua\/wp-json\/wp\/v2\/pages\/637\/revisions"}],"predecessor-version":[{"id":647,"href":"https:\/\/tusbarkochba.de\/ua\/wp-json\/wp\/v2\/pages\/637\/revisions\/647"}],"wp:attachment":[{"href":"https:\/\/tusbarkochba.de\/ua\/wp-json\/wp\/v2\/media?parent=637"}],"curies":[{"name":"\u0412\u041f","href":"https:\/\/api.w.org\/{rel}","templated":true}]}}