{"id":6,"date":"2023-11-22T17:51:48","date_gmt":"2023-11-22T17:51:48","guid":{"rendered":"https:\/\/tusbarkochba.de\/?page_id=6"},"modified":"2026-04-11T14:12:53","modified_gmt":"2026-04-11T12:12:53","slug":"tus-bar-kochba-nuernberg-e-v","status":"publish","type":"page","link":"https:\/\/tusbarkochba.de\/ua\/","title":{"rendered":"TuS Bar Kochba N\u00fcrnberg e.V."},"content":{"rendered":"<div class=\"wp-block-group kochba-hero-image has-global-padding is-layout-constrained wp-block-group-is-layout-constrained\">\n\n\n<div class=\"wp-block-columns alignwide are-vertically-aligned-center is-layout-flex wp-container-core-columns-is-layout-28f84493 wp-block-columns-is-layout-flex\">\n\n\n<div class=\"wp-block-column is-layout-flow wp-block-column-is-layout-flow\" style=\"flex-basis:56%\">\n\n\n<p class=\"kochba-hero-badge\" style=\"font-style:normal;font-weight:600\">\u0422\u0440\u0430\u0434\u0438\u0446\u0456\u044f \u043f\u043e\u043d\u0430\u0434 100 \u0440\u043e\u043a\u0456\u0432<\/p>\n\n\n\n<h1 class=\"wp-block-heading kochba-hero-title has-text-color has-link-color has-xx-large-font-size wp-elements-60f0b6a6490cc31da8825fe16de6fff8\" style=\"color:#ffffff;font-style:normal;font-weight:700\">TuS Bar Kochba \u041d\u044e\u0440\u043d\u0431\u0435\u0440\u0433 e. v.<\/h1>\n\n\n\n<p class=\"has-text-color has-link-color wp-elements-857400fdad0fecaf8af01955d55edc9b\" style=\"color:#ffffff;font-size:clamp(0.957rem, 0.957rem + ((1vw - 0.2rem) * 0.822), 1.45rem);line-height:1.5\">\u0424\u0443\u0442\u0431\u043e\u043b, \u0433\u0440\u043e\u043c\u0430\u0434\u0441\u044c\u043a\u0435 \u0442\u0430 \u043a\u043b\u0443\u0431\u043d\u0435 \u0436\u0438\u0442\u0442\u044f \u2013 \u0432\u0456\u0434\u043a\u0440\u0438\u0442\u0435, \u0430\u043a\u0442\u0438\u0432\u043d\u0435 \u0442\u0430 \u043c\u0456\u0436\u043f\u043e\u043a\u043e\u043b\u0456\u043d\u043d\u0454\u0432\u0435.<\/p>\n\n\n\n<p class=\"has-text-color has-link-color wp-elements-9fdabadbddedda5dd6ac34febd8d5f25\" style=\"color:#ffffff;font-size:clamp(0.875rem, 0.875rem + ((1vw - 0.2rem) * 0.292), 1.05rem);line-height:1.7\">\u0417 \u0430\u043a\u0442\u0438\u0432\u043d\u043e\u044e \u043a\u043e\u043c\u0430\u043d\u0434\u043e\u044e, \u0442\u0440\u0435\u043d\u0443\u0432\u0430\u043b\u044c\u043d\u043e\u044e \u0433\u0440\u0443\u043f\u043e\u044e, \u0434\u0430\u0432\u043d\u0456\u043c\u0438 \u0437\u0432&#039;\u044f\u0437\u043a\u0430\u043c\u0438 \u0442\u0430 \u0456\u0441\u0442\u043e\u0440\u0456\u0454\u044e \u043a\u043b\u0443\u0431\u0443, \u044f\u043a\u0430 \u0432\u0438\u0445\u043e\u0434\u0438\u0442\u044c \u0434\u0430\u043b\u0435\u043a\u043e \u0437\u0430 \u043c\u0435\u0436\u0456 \u0444\u0443\u0442\u0431\u043e\u043b\u044c\u043d\u043e\u0433\u043e \u043f\u043e\u043b\u044f.<\/p>\n\n\n\n<div class=\"wp-block-buttons is-layout-flex wp-container-core-buttons-is-layout-5a0d5c22 wp-block-buttons-is-layout-flex\" style=\"margin-top:24px\">\n\n<div class=\"wp-block-button kochba-btn-primary\"><a class=\"wp-block-button__link wp-element-button\" href=\"\/ua\/training\/\">\u0414\u043e\u043b\u0443\u0447\u0430\u0439\u0442\u0435\u0441\u044f \u0434\u043e \u043d\u0430\u0432\u0447\u0430\u043d\u043d\u044f<\/a><\/div>\n\n\n\n<div class=\"wp-block-button kochba-btn-secondary\"><a class=\"wp-block-button__link wp-element-button\" href=\"\/ua\/events\/\">\u041f\u0435\u0440\u0435\u0433\u043b\u044f\u043d\u0443\u0442\u0438 \u0437\u0443\u0441\u0442\u0440\u0456\u0447\u0456<\/a><\/div>\n\n<\/div>\n\n\n<\/div>\n\n\n\n<div class=\"wp-block-column is-layout-flow wp-block-column-is-layout-flow\" style=\"flex-basis:44%\"><\/div>\n\n\n<\/div>\n\n\n<\/div>\n\n\n\n<div class=\"wp-block-group has-global-padding is-layout-constrained wp-block-group-is-layout-constrained\" style=\"padding-top:50px;padding-bottom:20px\">\n\n\n<h2 class=\"wp-block-heading has-text-align-center has-text-color\" style=\"color:#24498a;font-style:normal;font-weight:700\">\u0428\u0432\u0438\u0434\u043a\u0438\u0439 \u0434\u043e\u0441\u0442\u0443\u043f<\/h2>\n\n\n\n<p class=\"has-text-align-center has-text-color\" style=\"color:#24498a;font-size:clamp(0.875rem, 0.875rem + ((1vw - 0.2rem) * 0.292), 1.05rem);\">\u041d\u0430\u0439\u0432\u0430\u0436\u043b\u0438\u0432\u0456\u0448\u0456 \u0437\u043e\u043d\u0438 \u043a\u043b\u0443\u0431\u0443 \u0437 \u043f\u0435\u0440\u0448\u043e\u0433\u043e \u043f\u043e\u0433\u043b\u044f\u0434\u0443.<\/p>\n\n\n<\/div>\n\n\n\n<div class=\"wp-block-columns alignwide is-layout-flex wp-container-core-columns-is-layout-6cedfde3 wp-block-columns-is-layout-flex\">\n\n\n<div class=\"wp-block-column is-layout-flow wp-block-column-is-layout-flow\">\n\n<div class=\"wp-block-group kochba-kachel has-global-padding is-layout-constrained wp-container-core-group-is-layout-caa61cb2 wp-block-group-is-layout-constrained\" style=\"padding-top:28px;padding-right:28px;padding-bottom:28px;padding-left:28px\">\n\n<h3 class=\"wp-block-heading\" style=\"font-style:normal;font-weight:700\">\u043d\u0430\u0432\u0447\u0430\u043d\u043d\u044f<\/h3>\n\n\n<p>\u0412\u0441\u044f \u0456\u043d\u0444\u043e\u0440\u043c\u0430\u0446\u0456\u044f \u043f\u0440\u043e \u0447\u0430\u0441 \u0442\u0430 \u043c\u0456\u0441\u0446\u0435 \u043f\u0440\u043e\u0432\u0435\u0434\u0435\u043d\u043d\u044f \u043d\u0430\u0432\u0447\u0430\u043d\u044c, \u0430 \u0442\u0430\u043a\u043e\u0436 \u043f\u0440\u043e \u0442\u0435, \u044f\u043a \u0434\u043e \u043d\u0430\u0441 \u043f\u0440\u0438\u0454\u0434\u043d\u0430\u0442\u0438\u0441\u044f.<\/p>\n\n\n<div class=\"wp-block-buttons is-layout-flex wp-block-buttons-is-layout-flex\">\n\n<div class=\"wp-block-button kochba-btn-primary\"><a class=\"wp-block-button__link wp-element-button\" href=\"\/ua\/training\/\">\u0414\u0456\u0437\u043d\u0430\u0442\u0438\u0441\u044f \u0431\u0456\u043b\u044c\u0448\u0435<\/a><\/div>\n\n<\/div>\n\n<\/div>\n\n<\/div>\n\n\n\n<div class=\"wp-block-column is-layout-flow wp-block-column-is-layout-flow\">\n\n<div class=\"wp-block-group kochba-kachel has-global-padding is-layout-constrained wp-container-core-group-is-layout-caa61cb2 wp-block-group-is-layout-constrained\" style=\"padding-top:28px;padding-right:28px;padding-bottom:28px;padding-left:28px\">\n\n<h3 class=\"wp-block-heading\" style=\"font-style:normal;font-weight:700\">\u043a\u043e\u043c\u0430\u043d\u0434\u0430<\/h3>\n\n\n<p>\u041e\u0433\u043b\u044f\u0434 \u043d\u0430\u0448\u043e\u0457 \u043a\u043e\u043c\u0430\u043d\u0434\u0438, \u0441\u043f\u043e\u0440\u0442\u0438\u0432\u043d\u043e\u0433\u043e \u043f\u0440\u043e\u0444\u0456\u043b\u044e \u043a\u043b\u0443\u0431\u0443 \u0442\u0430 \u0430\u043a\u0442\u0438\u0432\u043d\u043e\u0433\u043e \u0444\u0443\u0442\u0431\u043e\u043b\u044c\u043d\u043e\u0433\u043e \u0436\u0438\u0442\u0442\u044f \u0432 \u041a\u043e\u0445\u0431\u0456.<\/p>\n\n\n<div class=\"wp-block-buttons is-layout-flex wp-block-buttons-is-layout-flex\">\n\n<div class=\"wp-block-button kochba-btn-primary\"><a class=\"wp-block-button__link wp-element-button\" href=\"\/ua\/mannschaft\/\">\u041f\u0440\u043e \u043a\u043e\u043c\u0430\u043d\u0434\u0443<\/a><\/div>\n\n<\/div>\n\n<\/div>\n\n<\/div>\n\n\n\n<div class=\"wp-block-column is-layout-flow wp-block-column-is-layout-flow\">\n\n<div class=\"wp-block-group kochba-kachel has-global-padding is-layout-constrained wp-container-core-group-is-layout-caa61cb2 wp-block-group-is-layout-constrained\" style=\"padding-top:28px;padding-right:28px;padding-bottom:28px;padding-left:28px\">\n\n<h3 class=\"wp-block-heading\" style=\"font-style:normal;font-weight:700\">\u041f\u0440\u0438\u0437\u043d\u0430\u0447\u0435\u043d\u043d\u044f<\/h3>\n\n\n<p>\u0406\u0433\u0440\u0438, \u0442\u0440\u0435\u043d\u0443\u0432\u0430\u043d\u043d\u044f, \u043f\u043e\u0457\u0437\u0434\u043a\u0438, \u0441\u0432\u044f\u0442\u0430 \u0442\u0430 \u0456\u043d\u0448\u0456 \u043f\u043e\u0434\u0456\u0457 \u043a\u043b\u0443\u0431\u0443 \u0447\u0456\u0442\u043a\u043e \u0437\u0432\u0435\u0434\u0435\u043d\u0456 \u0432 \u043a\u043e\u0440\u043e\u0442\u043a\u0438\u0439 \u0432\u0438\u043a\u043b\u0430\u0434.<\/p>\n\n\n<div class=\"wp-block-buttons is-layout-flex wp-block-buttons-is-layout-flex\">\n\n<div class=\"wp-block-button kochba-btn-primary\"><a class=\"wp-block-button__link wp-element-button\" href=\"\/ua\/events\/\">\u0429\u043e\u0434\u043e \u0434\u0430\u0442<\/a><\/div>\n\n<\/div>\n\n<\/div>\n\n<\/div>\n\n\n\n<div class=\"wp-block-column is-layout-flow wp-block-column-is-layout-flow\">\n\n<div class=\"wp-block-group kochba-kachel has-global-padding is-layout-constrained wp-container-core-group-is-layout-caa61cb2 wp-block-group-is-layout-constrained\" style=\"padding-top:28px;padding-right:28px;padding-bottom:28px;padding-left:28px\">\n\n<h3 class=\"wp-block-heading\" style=\"font-style:normal;font-weight:700\">\u043a\u043e\u043d\u0442\u0430\u043a\u0442<\/h3>\n\n\n<p>\u0417\u0430\u043f\u0438\u0442\u0430\u043d\u043d\u044f \u0449\u043e\u0434\u043e \u043a\u043b\u0443\u0431\u0443, \u0437\u0430\u0446\u0456\u043a\u0430\u0432\u043b\u0435\u043d\u0456\u0441\u0442\u044c \u0443 \u0432\u0441\u0442\u0443\u043f\u0456 \u0430\u0431\u043e \u0456\u043d\u0444\u043e\u0440\u043c\u0430\u0446\u0456\u044f \u043f\u0440\u043e \u043f\u043e\u0434\u0456\u0457? \u0412\u0438 \u043c\u043e\u0436\u0435\u0442\u0435 \u0437\u0432&#039;\u044f\u0437\u0430\u0442\u0438\u0441\u044f \u0437 \u043d\u0430\u043c\u0438 \u0431\u0435\u0437\u043f\u043e\u0441\u0435\u0440\u0435\u0434\u043d\u044c\u043e \u0442\u0443\u0442.<\/p>\n\n\n<div class=\"wp-block-buttons is-layout-flex wp-block-buttons-is-layout-flex\">\n\n<div class=\"wp-block-button kochba-btn-primary\"><a class=\"wp-block-button__link wp-element-button\" href=\"\/ua\/kontakt\/\">\u0437\u0432&#039;\u044f\u0437\u0430\u0442\u0438\u0441\u044f<\/a><\/div>\n\n<\/div>\n\n<\/div>\n\n<\/div>\n\n\n<\/div>\n\n\n\n<div style=\"height:56px\" aria-hidden=\"true\" class=\"wp-block-spacer\"><\/div>\n\n\n\n<div class=\"wp-block-group has-global-padding is-layout-constrained wp-container-core-group-is-layout-82970ac7 wp-block-group-is-layout-constrained\" style=\"padding-top:40px;padding-right:0;padding-bottom:40px;padding-left:0\">\n\n\n<div class=\"wp-block-columns alignwide are-vertically-aligned-center is-layout-flex wp-container-core-columns-is-layout-f2b4f319 wp-block-columns-is-layout-flex\">\n\n\n<div class=\"wp-block-column is-layout-flow wp-block-column-is-layout-flow\" style=\"flex-basis:58%\">\n\n<h2 class=\"wp-block-heading has-text-color\" style=\"color:#24498a;font-style:normal;font-weight:700\">\u041a\u043b\u0443\u0431 \u0437 \u0456\u0441\u0442\u043e\u0440\u0456\u0454\u044e \u0442\u0430 \u0441\u0442\u0430\u0432\u043b\u0435\u043d\u043d\u044f\u043c<\/h2>\n\n\n\n<p style=\"font-size:clamp(0.875rem, 0.875rem + ((1vw - 0.2rem) * 0.342), 1.08rem);line-height:1.8\">TuS Bar Kochba N\u00fcrnberg e. V. \u0432\u0436\u0435 \u043f\u043e\u043d\u0430\u0434 100 \u0440\u043e\u043a\u0456\u0432 \u0432\u0438\u0441\u0442\u0443\u043f\u0430\u0454 \u0437\u0430 \u0441\u043f\u043e\u0440\u0442, \u0433\u0440\u043e\u043c\u0430\u0434\u0443 \u0442\u0430 \u0441\u043e\u043b\u0456\u0434\u0430\u0440\u043d\u0456\u0441\u0442\u044c. \u0422\u0435, \u0449\u043e \u043f\u043e\u0447\u0438\u043d\u0430\u043b\u043e\u0441\u044f \u044f\u043a \u0454\u0432\u0440\u0435\u0439\u0441\u044c\u043a\u0438\u0439 \u0433\u0456\u043c\u043d\u0430\u0441\u0442\u0438\u0447\u043d\u0438\u0439 \u0442\u0430 \u0441\u043f\u043e\u0440\u0442\u0438\u0432\u043d\u0438\u0439 \u043a\u043b\u0443\u0431, \u0441\u044c\u043e\u0433\u043e\u0434\u043d\u0456 \u0454 \u0434\u0438\u043d\u0430\u043c\u0456\u0447\u043d\u0438\u043c \u043a\u043b\u0443\u0431\u043e\u043c, \u0434\u0435 \u0441\u043f\u043e\u0440\u0442\u0438\u0432\u043d\u0430 \u0430\u043a\u0442\u0438\u0432\u043d\u0456\u0441\u0442\u044c \u0442\u0430 \u043e\u0441\u043e\u0431\u0438\u0441\u0442\u0456 \u0437\u0432&#039;\u044f\u0437\u043a\u0438 \u043c\u0430\u044e\u0442\u044c \u043e\u0434\u043d\u0430\u043a\u043e\u0432\u0435 \u0437\u043d\u0430\u0447\u0435\u043d\u043d\u044f.<\/p>\n\n\n\n<p style=\"font-size:clamp(0.875rem, 0.875rem + ((1vw - 0.2rem) * 0.342), 1.08rem);line-height:1.8\">\u042f\u043a \u043d\u0430 \u043f\u043e\u043b\u0456, \u0442\u0430\u043a \u0456 \u043f\u043e\u0437\u0430 \u043d\u0438\u043c, \u0432\u0456\u0434\u043a\u0440\u0438\u0442\u0456\u0441\u0442\u044c, \u043f\u043e\u0432\u0430\u0433\u0430 \u0442\u0430 \u0434\u0430\u0432\u043d\u0456 \u0441\u0442\u043e\u0441\u0443\u043d\u043a\u0438 \u0445\u0430\u0440\u0430\u043a\u0442\u0435\u0440\u0438\u0437\u0443\u044e\u0442\u044c \u043a\u043b\u0443\u0431\u043d\u0435 \u0436\u0438\u0442\u0442\u044f. \u0421\u0430\u043c\u0435 \u0446\u0435 \u043f\u043e\u0454\u0434\u043d\u0430\u043d\u043d\u044f \u0442\u0440\u0430\u0434\u0438\u0446\u0456\u0439 \u0442\u0430 \u0441\u0443\u0447\u0430\u0441\u043d\u043e\u0441\u0442\u0456 \u0440\u043e\u0431\u0438\u0442\u044c \u041a\u043e\u0445\u0431\u0443 \u0442\u0430\u043a\u0438\u043c \u043e\u0441\u043e\u0431\u043b\u0438\u0432\u0438\u043c \u0456 \u0434\u043e\u043d\u0438\u043d\u0456.<\/p>\n\n\n\n<div class=\"wp-block-buttons is-layout-flex wp-block-buttons-is-layout-flex\" style=\"margin-top:20px\">\n\n<div class=\"wp-block-button kochba-btn-primary\"><a class=\"wp-block-button__link wp-element-button\" href=\"\/ua\/chronik\/\">\u0411\u0456\u043b\u044c\u0448\u0435 \u043f\u0440\u043e \u0445\u0440\u043e\u043d\u0456\u043a\u0443<\/a><\/div>\n\n<\/div>\n\n<\/div>\n\n\n\n<div class=\"wp-block-column is-layout-flow wp-block-column-is-layout-flow\" style=\"flex-basis:42%\">\n\n<div class=\"wp-block-group kochba-kachel has-global-padding is-layout-constrained wp-container-core-group-is-layout-430a0e02 wp-block-group-is-layout-constrained\" style=\"padding-top:32px;padding-right:32px;padding-bottom:32px;padding-left:32px\">\n\n<h3 class=\"wp-block-heading\" style=\"font-style:normal;font-weight:700\">\u0429\u043e \u0440\u043e\u0431\u0438\u0442\u044c \u041a\u043e\u0445\u0431\u0443 \u043e\u0441\u043e\u0431\u043b\u0438\u0432\u0438\u043c<\/h3>\n\n\n<ul class=\"wp-block-list\">\n<li>\u043f\u043e\u043d\u0430\u0434 100 \u0440\u043e\u043a\u0456\u0432 \u0456\u0441\u0442\u043e\u0440\u0456\u0457 \u043a\u043b\u0443\u0431\u0443<\/li>\n<li>\u0430\u043a\u0442\u0438\u0432\u043d\u0430 \u043a\u043e\u043c\u0430\u043d\u0434\u0430 \u0442\u0430 \u043d\u0430\u0432\u0447\u0430\u043b\u044c\u043d\u0430 \u0433\u0440\u0443\u043f\u0430<\/li>\n<li>\u0441\u0438\u043b\u044c\u043d\u0435 \u043f\u043e\u0447\u0443\u0442\u0442\u044f \u0441\u043f\u0456\u043b\u044c\u043d\u043e\u0442\u0438<\/li>\n<li>\u041f\u043e\u0454\u0434\u043d\u0430\u043d\u043d\u044f \u0441\u043f\u043e\u0440\u0442\u0443 \u0442\u0430 \u0436\u0438\u0432\u0438\u0445 \u0442\u0440\u0430\u0434\u0438\u0446\u0456\u0439<\/li>\n<\/ul>\n\n<\/div>\n\n<\/div>\n\n\n<\/div>\n\n\n<\/div>\n\n\n\n<div class=\"wp-block-group has-global-padding is-layout-constrained wp-block-group-is-layout-constrained\" style=\"padding-top:50px;padding-bottom:24px\">\n\n\n<h2 class=\"wp-block-heading has-text-align-center has-text-color\" style=\"color:#24498a;font-style:normal;font-weight:700\">\u041c\u0430\u0439\u0431\u0443\u0442\u043d\u0456 \u043f\u043e\u0434\u0456\u0457<\/h2>\n\n\n\n<p class=\"has-text-align-center has-text-color\" style=\"color:#24498a;font-size:clamp(0.875rem, 0.875rem + ((1vw - 0.2rem) * 0.292), 1.05rem);\">\u041e\u0433\u043b\u044f\u0434 \u043d\u0430\u0441\u0442\u0443\u043f\u043d\u0438\u0445 \u0432\u0430\u0436\u043b\u0438\u0432\u0438\u0445 \u043f\u043e\u0434\u0456\u0439 \u043a\u043b\u0443\u0431\u0443.<\/p>\n\n\n<\/div>\n\n\n\n<div class=\"wp-block-columns alignwide is-layout-flex wp-container-core-columns-is-layout-67c09cde wp-block-columns-is-layout-flex\">\n\n\n<div class=\"wp-block-column is-layout-flow wp-block-column-is-layout-flow\" style=\"flex-basis:68%\">\n\n\n<div class=\"wp-block-group kochba-events-box has-global-padding is-layout-constrained wp-container-core-group-is-layout-caa61cb2 wp-block-group-is-layout-constrained\" style=\"padding-top:28px;padding-right:28px;padding-bottom:28px;padding-left:28px\">\n\n\n<h3 class=\"wp-block-heading\" style=\"font-style:normal;font-weight:700\">\u041a\u043b\u0443\u0431\u043d\u0456 \u0437\u0430\u0445\u043e\u0434\u0438<\/h3>\n\n\n\n<p>\u0422\u0443\u0442 <strong>\u0411\u043b\u043e\u043a \u0441\u043f\u0438\u0441\u043a\u0443 \u043f\u043e\u0434\u0456\u0439 \u0437 \u041a\u0430\u043b\u0435\u043d\u0434\u0430\u0440\u044f \u043f\u043e\u0434\u0456\u0439<\/strong> \u0412\u0441\u0442\u0430\u0432\u0438\u0442\u0438 \u0442\u0430 \u043e\u0431\u043c\u0435\u0436\u0438\u0442\u0438 \u0434\u043e 3 \u0437\u0443\u0441\u0442\u0440\u0456\u0447\u0435\u0439.<\/p>\n\n\n\n<p><strong>\u0420\u0435\u043a\u043e\u043c\u0435\u043d\u0434\u0430\u0446\u0456\u044f \u0432 \u0440\u0435\u0434\u0430\u043a\u0442\u043e\u0440\u0456:<\/strong> \u0412\u0441\u0442\u0430\u0432\u0442\u0435 \u0431\u043b\u043e\u043a \u201e\u0421\u043f\u0438\u0441\u043e\u043a \u043f\u043e\u0434\u0456\u0439\u201c, \u0432\u0441\u0442\u0430\u043d\u043e\u0432\u0456\u0442\u044c \u0447\u0438\u0441\u043b\u043e \u043d\u0430 3, \u043f\u0440\u0438\u0445\u043e\u0432\u0430\u0439\u0442\u0435 \u043c\u0438\u043d\u0443\u043b\u0456 \u043f\u043e\u0434\u0456\u0457 \u0442\u0430 \u0437\u0430\u043b\u0438\u0448\u0442\u0435 \u043f\u043e\u0441\u0438\u043b\u0430\u043d\u043d\u044f \u043d\u0430 \u0441\u0442\u043e\u0440\u0456\u043d\u043a\u0443 \u043a\u0430\u043b\u0435\u043d\u0434\u0430\u0440\u044f \u0430\u043a\u0442\u0438\u0432\u043d\u0438\u043c.<\/p>\n\n\n<\/div>\n\n\n<\/div>\n\n\n\n<div class=\"wp-block-column is-layout-flow wp-block-column-is-layout-flow\" style=\"flex-basis:32%\">\n\n\n<div class=\"wp-block-group kochba-kachel has-global-padding is-layout-constrained wp-container-core-group-is-layout-caa61cb2 wp-block-group-is-layout-constrained\" style=\"padding-top:28px;padding-right:28px;padding-bottom:28px;padding-left:28px\">\n\n\n<h3 class=\"wp-block-heading\" style=\"font-style:normal;font-weight:700\">\u0412\u0456\u0434\u043a\u0440\u0438\u0442\u0438 \u043a\u0430\u043b\u0435\u043d\u0434\u0430\u0440<\/h3>\n\n\n\n<p>\u0423\u0441\u0456 \u0456\u043d\u0448\u0456 \u0456\u0433\u0440\u0438, \u0440\u043e\u0437\u043a\u043b\u0430\u0434 \u0442\u0440\u0435\u043d\u0443\u0432\u0430\u043d\u044c, \u0441\u0432\u044f\u0442\u043a\u0443\u0432\u0430\u043d\u043d\u044f, \u043f\u043e\u0457\u0437\u0434\u043a\u0438 \u0442\u0430 \u043f\u043e\u0434\u0456\u0457 \u043c\u043e\u0436\u043d\u0430 \u0437\u043d\u0430\u0439\u0442\u0438 \u043d\u0430 \u043d\u0430\u0448\u0456\u0439 \u0441\u0442\u043e\u0440\u0456\u043d\u0446\u0456 \u043f\u043e\u0434\u0456\u0439.<\/p>\n\n\n\n<div class=\"wp-block-buttons is-layout-flex wp-block-buttons-is-layout-flex\">\n\n<div class=\"wp-block-button kochba-btn-primary\"><a class=\"wp-block-button__link wp-element-button\" href=\"\/ua\/events\/\">\u0423\u0441\u0456 \u0434\u0430\u0442\u0438<\/a><\/div>\n\n<\/div>\n\n\n<\/div>\n\n\n<\/div>\n\n\n<\/div>\n\n\n\n<div style=\"height:56px\" aria-hidden=\"true\" class=\"wp-block-spacer\"><\/div>\n\n\n\n<div class=\"wp-block-group has-background has-global-padding is-layout-constrained wp-container-core-group-is-layout-8370d2c2 wp-block-group-is-layout-constrained\" style=\"border-radius:24px;background-color:#3f6599;padding-top:42px;padding-right:28px;padding-bottom:42px;padding-left:28px\">\n\n\n<h2 class=\"wp-block-heading has-text-align-center has-text-color has-link-color wp-elements-b84e45669e171c2a20e361d59c52b0ff\" style=\"color:#ffffff;font-style:normal;font-weight:700\">\u0426\u0456\u043a\u0430\u0432\u0438\u0442\u0435\u0441\u044f \u043a\u043b\u0443\u0431\u043e\u043c?<\/h2>\n\n\n\n<p class=\"has-text-align-center has-text-color has-link-color wp-elements-735d55a03fd043f2193e53c55a9301a5\" style=\"color:#ffffff;font-size:clamp(0.875rem, 0.875rem + ((1vw - 0.2rem) * 0.342), 1.08rem);line-height:1.7\">\u041d\u0435\u0437\u0430\u043b\u0435\u0436\u043d\u043e \u0432\u0456\u0434 \u0442\u043e\u0433\u043e, \u0447\u0438 \u0445\u043e\u0447\u0435\u0442\u0435 \u0432\u0438 \u0442\u0440\u0435\u043d\u0443\u0432\u0430\u0442\u0438\u0441\u044f \u0437 \u043d\u0430\u043c\u0438, \u0437\u0432&#039;\u044f\u0437\u0430\u0442\u0438\u0441\u044f \u0437 \u043d\u0430\u043c\u0438 \u0447\u0438 \u0432\u043f\u0435\u0440\u0448\u0435 \u043f\u043e\u0437\u043d\u0430\u0439\u043e\u043c\u0438\u0442\u0438\u0441\u044f \u0437 \u0436\u0438\u0442\u0442\u044f\u043c \u043d\u0430\u0448\u043e\u0433\u043e \u043a\u043b\u0443\u0431\u0443 \u2013 \u043c\u0438 \u0440\u0430\u0434\u0456 \u0432\u0430\u0448\u043e\u043c\u0443 \u0456\u043d\u0442\u0435\u0440\u0435\u0441\u0443 \u0434\u043e TuS Bar Kochba N\u00fcrnberg.<\/p>\n\n\n\n<div class=\"wp-block-buttons is-content-justification-center is-layout-flex wp-container-core-buttons-is-layout-b854f285 wp-block-buttons-is-layout-flex\" style=\"margin-top:20px\">\n\n<div class=\"wp-block-button kochba-btn-primary\"><a class=\"wp-block-button__link wp-element-button\" href=\"\/ua\/kontakt\/\">\u043a\u043e\u043d\u0442\u0430\u043a\u0442<\/a><\/div>\n\n\n\n<div class=\"wp-block-button kochba-btn-secondary\"><a class=\"wp-block-button__link wp-element-button\" href=\"\/ua\/training\/\">\u043d\u0430\u0432\u0447\u0430\u043d\u043d\u044f<\/a><\/div>\n\n<\/div>\n\n\n<\/div>","protected":false},"excerpt":{"rendered":"<p>Tradition seit \u00fcber 100 Jahren TuS Bar Kochba N\u00fcrnberg e. V. Fu\u00dfball, Gemeinschaft und Vereinsleben \u2013 offen, aktiv und generationen\u00fcbergreifend. Mit aktiver Mannschaft, Trainingsgruppe, langj\u00e4hriger Verbundenheit und einer Vereinsgeschichte, die [&hellip;]<\/p>\n","protected":false},"author":1,"featured_media":0,"parent":0,"menu_order":0,"comment_status":"closed","ping_status":"closed","template":"","meta":{"pgc_sgb_lightbox_settings":"","_EventAllDay":false,"_EventTimezone":"","_EventStartDate":"","_EventEndDate":"","_EventStartDateUTC":"","_EventEndDateUTC":"","_EventShowMap":false,"_EventShowMapLink":false,"_EventURL":"","_EventCost":"","_EventCostDescription":"","_EventCurrencySymbol":"","_EventCurrencyCode":"","_EventCurrencyPosition":"","_EventDateTimeSeparator":"","_EventTimeRangeSeparator":"","_EventOrganizerID":[],"_EventVenueID":[],"_OrganizerEmail":"","_OrganizerPhone":"","_OrganizerWebsite":"","_VenueAddress":"","_VenueCity":"","_VenueCountry":"","_VenueProvince":"","_VenueState":"","_VenueZip":"","_VenuePhone":"","_VenueURL":"","_VenueStateProvince":"","_VenueLat":"","_VenueLng":"","_VenueShowMap":false,"_VenueShowMapLink":false,"footnotes":""},"class_list":["post-6","page","type-page","status-publish","hentry"],"_links":{"self":[{"href":"https:\/\/tusbarkochba.de\/ua\/wp-json\/wp\/v2\/pages\/6","targetHints":{"allow":["GET"]}}],"collection":[{"href":"https:\/\/tusbarkochba.de\/ua\/wp-json\/wp\/v2\/pages"}],"about":[{"href":"https:\/\/tusbarkochba.de\/ua\/wp-json\/wp\/v2\/types\/page"}],"author":[{"embeddable":true,"href":"https:\/\/tusbarkochba.de\/ua\/wp-json\/wp\/v2\/users\/1"}],"replies":[{"embeddable":true,"href":"https:\/\/tusbarkochba.de\/ua\/wp-json\/wp\/v2\/comments?post=6"}],"version-history":[{"count":82,"href":"https:\/\/tusbarkochba.de\/ua\/wp-json\/wp\/v2\/pages\/6\/revisions"}],"predecessor-version":[{"id":1303,"href":"https:\/\/tusbarkochba.de\/ua\/wp-json\/wp\/v2\/pages\/6\/revisions\/1303"}],"wp:attachment":[{"href":"https:\/\/tusbarkochba.de\/ua\/wp-json\/wp\/v2\/media?parent=6"}],"curies":[{"name":"\u0412\u041f","href":"https:\/\/api.w.org\/{rel}","templated":true}]}}