{"id":594,"date":"2026-03-27T17:11:05","date_gmt":"2026-03-27T17:11:05","guid":{"rendered":"https:\/\/tusbarkochba.de\/?page_id=594"},"modified":"2026-03-28T21:09:52","modified_gmt":"2026-03-28T21:09:52","slug":"mannschaft","status":"publish","type":"page","link":"https:\/\/tusbarkochba.de\/ua\/mannschaft","title":{"rendered":"\u043a\u043e\u043c\u0430\u043d\u0434\u0430"},"content":{"rendered":"<div class=\"wp-block-group alignfull has-background has-global-padding is-layout-constrained wp-container-core-group-is-layout-450739fe wp-block-group-is-layout-constrained\" style=\"background-color:#3d67a8;padding-top:80px;padding-bottom:60px\">\n<p class=\"has-text-color\" style=\"color:#f4f7fc;font-size:clamp(0.875rem, 0.875rem + ((1vw - 0.2rem) * 0.708), 1.3rem);line-height:1.7\">\n\u041d\u0430\u0448\u0430 \u043a\u043e\u043c\u0430\u043d\u0434\u0430 \u0440\u043e\u0437\u043f\u043e\u0447\u043d\u0435 \u043d\u043e\u0432\u0438\u0439 \u0441\u0435\u0437\u043e\u043d \u0443 \u0441\u0435\u0440\u0435\u0434\u0438\u043d\u0456 \u043a\u0432\u0456\u0442\u043d\u044f. \u0429\u043e\u0431 \u0443\u043d\u0438\u043a\u043d\u0443\u0442\u0438 \u043a\u0430\u0434\u0440\u043e\u0432\u043e\u0433\u043e \u0434\u0435\u0444\u0456\u0446\u0438\u0442\u0443, \u043c\u0438 \u0431\u0443\u0434\u0435\u043c\u043e \u0437\u043c\u0430\u0433\u0430\u0442\u0438\u0441\u044f \u0443 \u0441\u043a\u043b\u0430\u0434\u0456 \u0434\u0435\u0432&#039;\u044f\u0442\u0438 \u0433\u0440\u0430\u0432\u0446\u0456\u0432. \u0426\u0435 \u0441\u0442\u0432\u043e\u0440\u0438\u0442\u044c \u0441\u0442\u0430\u0431\u0456\u043b\u044c\u043d\u0456 \u0443\u043c\u043e\u0432\u0438 \u0434\u043b\u044f \u043d\u0430\u0434\u0456\u0439\u043d\u043e\u0457 \u0440\u043e\u0431\u043e\u0442\u0438 \u043c\u0430\u0442\u0447\u0456\u0432 \u0442\u0430 \u0437\u0430\u0431\u0435\u0437\u043f\u0435\u0447\u0438\u0442\u044c \u043d\u0430\u043c \u0437\u0433\u0443\u0440\u0442\u043e\u0432\u0430\u043d\u0456\u0441\u0442\u044c \u043a\u043e\u043c\u0430\u043d\u0434\u0438.\n<\/p>\n<\/div>\n\n\n\n<div class=\"wp-block-group alignfull has-background has-global-padding is-layout-constrained wp-container-core-group-is-layout-a75ab12b wp-block-group-is-layout-constrained\" style=\"background-color:#dfe7f2;padding-top:70px;padding-bottom:40px\">\n<div class=\"wp-block-columns are-vertically-aligned-top is-layout-flex wp-container-core-columns-is-layout-f2b4f319 wp-block-columns-is-layout-flex\">\n<div class=\"wp-block-column is-layout-flow wp-block-column-is-layout-flow\" style=\"flex-basis:62%\">\n<h2 class=\"wp-block-heading has-text-color\" style=\"color:#24498a\">\u041d\u0430\u0448\u0430 \u043d\u0438\u043d\u0456\u0448\u043d\u044f \u043a\u043e\u043c\u0430\u043d\u0434\u0430<\/h2>\n\n\n\n<p class=\"has-text-color\" style=\"color:#24498a;font-size:clamp(0.875rem, 0.875rem + ((1vw - 0.2rem) * 0.542), 1.2rem);line-height:1.75\">\n\u041a\u043e\u043c\u0430\u043d\u0434\u0430 \u0441\u0438\u043c\u0432\u043e\u043b\u0456\u0437\u0443\u0454 \u0432\u0456\u0434\u0434\u0430\u043d\u0456\u0441\u0442\u044c, \u043d\u0430\u0434\u0456\u0439\u043d\u0456\u0441\u0442\u044c \u0442\u0430 \u0437\u0433\u0443\u0440\u0442\u043e\u0432\u0430\u043d\u0456\u0441\u0442\u044c. \u041f\u0435\u0440\u0435\u0445\u043e\u0434\u044f\u0447\u0438 \u043d\u0430 \u0433\u0440\u0443 \u0437 \u0434\u0435\u0432&#039;\u044f\u0442\u044c\u043c\u0430 \u0433\u0440\u0430\u0432\u0446\u044f\u043c\u0438 \u043d\u0430 \u043e\u0434\u0438\u043d, \u043c\u0438 \u0441\u0432\u0456\u0434\u043e\u043c\u043e \u0440\u0435\u0430\u0433\u0443\u0454\u043c\u043e \u043d\u0430 \u0441\u0438\u0442\u0443\u0430\u0446\u0456\u044e \u0437 \u043d\u0430\u0448\u0438\u043c\u0438 \u043a\u0430\u0434\u0440\u0430\u043c\u0438 \u0442\u0430 \u043e\u0434\u043d\u043e\u0447\u0430\u0441\u043d\u043e \u0441\u0442\u0432\u043e\u0440\u044e\u0454\u043c\u043e \u0441\u0442\u0430\u0431\u0456\u043b\u044c\u043d\u0443 \u043e\u0441\u043d\u043e\u0432\u0443 \u0434\u043b\u044f \u043d\u043e\u0432\u043e\u0433\u043e \u0441\u0435\u0437\u043e\u043d\u0443.\n<\/p>\n\n\n\n<p class=\"has-text-color\" style=\"color:#24498a;font-size:clamp(0.875rem, 0.875rem + ((1vw - 0.2rem) * 0.542), 1.2rem);line-height:1.75\">\n\u0411\u0430\u0441\u0442\u0456\u0430\u043d \u0415\u0431\u0435\u0440\u043b\u0435 \u2014 \u0442\u0440\u0435\u043d\u0435\u0440 \u0456 \u043c\u0435\u043d\u0435\u0434\u0436\u0435\u0440 \u0437 \u0433\u0440\u0438. \u0417\u0430 \u0434\u043e\u043f\u043e\u043c\u043e\u0433\u043e\u044e \u043a\u043e\u043c\u0430\u043d\u0434\u043d\u043e\u0433\u043e \u0437\u0430\u0441\u0442\u043e\u0441\u0443\u043d\u043a\u0443 \u0432\u0456\u043d \u043d\u0430\u0434\u0456\u0439\u043d\u043e \u0442\u0430 \u043f\u0440\u043e\u0437\u043e\u0440\u043e \u043e\u0440\u0433\u0430\u043d\u0456\u0437\u043e\u0432\u0443\u0454 \u0442\u0440\u0435\u043d\u0443\u0432\u0430\u043d\u043d\u044f, \u0441\u043a\u043b\u0430\u0434\u0438 \u0433\u0440\u0430\u0432\u0446\u0456\u0432 \u0442\u0430 \u0434\u043d\u0456 \u043c\u0430\u0442\u0447\u0456\u0432.\n<\/p>\n<\/div>\n\n\n\n<div class=\"wp-block-column is-layout-flow wp-block-column-is-layout-flow\" style=\"flex-basis:38%\">\n<div class=\"wp-block-group kochba-sidebox has-background is-layout-flow wp-block-group-is-layout-flow\" style=\"background-color:#365fa8;border-radius:24px;padding:28px\">\n\n<h3 class=\"wp-block-heading has-text-color\" style=\"color:#ffffff\">\u0417 \u043f\u0435\u0440\u0448\u043e\u0433\u043e \u043f\u043e\u0433\u043b\u044f\u0434\u0443<\/h3>\n\n\n<ul class=\"has-text-color wp-block-list\" style=\"color:#f8f9fd;font-size:clamp(0.875rem, 0.875rem + ((1vw - 0.2rem) * 0.458), 1.15rem);line-height:1.8\">\n<li>\u041a\u043e\u043c\u0430\u043d\u0434\u0430 \u0437 9 \u0433\u0440\u0430\u0432\u0446\u0456\u0432 \u043d\u0430 \u043e\u0434\u0438\u043d<\/li>\n<li>\u0421\u0435\u0437\u043e\u043d \u043f\u043e\u0447\u0438\u043d\u0430\u0454\u0442\u044c\u0441\u044f \u0432 \u0441\u0435\u0440\u0435\u0434\u0438\u043d\u0456 \u043a\u0432\u0456\u0442\u043d\u044f<\/li>\n<li>\u0422\u0440\u0435\u043d\u0435\u0440: \u0411\u0430\u0441\u0442\u0456\u0430\u043d \u0415\u0431\u0435\u0440\u043b\u0435<\/li>\n<li>\u041e\u0440\u0433\u0430\u043d\u0456\u0437\u0430\u0446\u0456\u044f \u0447\u0435\u0440\u0435\u0437 \u043a\u043e\u043c\u0430\u043d\u0434\u043d\u0438\u0439 \u0434\u043e\u0434\u0430\u0442\u043e\u043a<\/li>\n<\/ul>\n\n<\/div>\n<\/div>\n<\/div>\n<\/div>\n\n\n\n<div class=\"wp-block-group alignfull has-background has-global-padding is-layout-constrained wp-container-core-group-is-layout-f2f95032 wp-block-group-is-layout-constrained\" style=\"background-color:#f5f5f5;padding-top:20px;padding-bottom:80px\">\n<h2 class=\"wp-block-heading has-text-align-center has-text-color\" style=\"color:#24498a;margin-bottom:40px\">\u0422\u0440\u0435\u043d\u0443\u0432\u0430\u043b\u044c\u043d\u0456 \u0442\u0430 \u043c\u0430\u0442\u0447\u0435\u0432\u0456 \u043e\u043f\u0435\u0440\u0430\u0446\u0456\u0457<\/h2>\n\n\n\n<div class=\"wp-block-columns is-layout-flex wp-container-core-columns-is-layout-6cedfde3 wp-block-columns-is-layout-flex\">\n<!-- SPIELORT -->\n<div class=\"wp-block-column\">\n<div class=\"wp-block-group kochba-kachel has-background\" style=\"background-color:#2d5798;border-radius:24px;padding:28px\">\n<p style=\"font-size:2rem\">\ud83c\udfdf\ufe0f<\/p>\n<h3 style=\"color:#ffffff\">\u041c\u0456\u0441\u0446\u0435 \u043f\u0440\u043e\u0432\u0435\u0434\u0435\u043d\u043d\u044f<\/h3>\n<p style=\"color:#f5f7fc;font-size:1.15rem;line-height:1.7\">\n\u041d\u0430\u0448\u0456 \u0434\u043e\u043c\u0430\u0448\u043d\u0456 \u0456\u0433\u0440\u0438 \u0442\u0430 \u0442\u0440\u0435\u043d\u0443\u0432\u0430\u043d\u043d\u044f \u043f\u0440\u043e\u0445\u043e\u0434\u044f\u0442\u044c \u0443 \u0441\u043f\u043e\u0440\u0442\u0438\u0432\u043d\u043e\u043c\u0443 \u043a\u043e\u043c\u043f\u043b\u0435\u043a\u0441\u0456 \u0440\u0430\u0439\u043e\u043d\u0443 \u0428\u0442\u0430\u0439\u043d\u043f\u043b\u0430\u0442\u0442\u0435 \u2013 \u043d\u0430\u0448\u043e\u043c\u0443 \u0441\u043f\u043e\u0440\u0442\u0438\u0432\u043d\u043e\u043c\u0443 \u0434\u043e\u043c\u0456.\n<\/p>\n<\/div>\n<\/div>\n<!-- TRAINING -->\n<div class=\"wp-block-column\">\n<div class=\"wp-block-group kochba-kachel has-background\" style=\"background-color:#2d5798;border-radius:24px;padding:28px\">\n<p style=\"font-size:2rem\">\ud83d\udd55<\/p>\n<h3 style=\"color:#ffffff\">\u043d\u0430\u0432\u0447\u0430\u043d\u043d\u044f<\/h3>\n<p style=\"color:#f5f7fc;font-size:1.15rem;line-height:1.7\">\n\u0417 \u043a\u0432\u0456\u0442\u043d\u044f \u043f\u043e \u0436\u043e\u0432\u0442\u0435\u043d\u044c: \u0449\u043e\u0447\u0435\u0442\u0432\u0435\u0440\u0433\u0430 \u043e 18:00 \u043d\u0430 \u0428\u0442\u0430\u0439\u043d\u043f\u043b\u0430\u0442\u0442\u0435.<br>\n\u0417 \u043b\u0438\u0441\u0442\u043e\u043f\u0430\u0434\u0430 \u043f\u043e \u0431\u0435\u0440\u0435\u0437\u0435\u043d\u044c: \u0449\u043e\u0447\u0435\u0442\u0432\u0435\u0440\u0433\u0430 \u043e 19:00 \u043d\u0430 \u043d\u0435\u0432\u0435\u043b\u0438\u043a\u043e\u043c\u0443 \u043f\u043e\u043b\u0456 \u0437\u0456 \u0448\u0442\u0443\u0447\u043d\u0438\u043c \u043f\u043e\u043a\u0440\u0438\u0442\u0442\u044f\u043c \u043a\u043b\u0443\u0431\u0443 Post SV \u043d\u0430 \u0426\u0456\u0433\u0435\u043d\u0448\u0442\u0440\u0430\u0441\u0441\u0435 \u0432 \u041d\u044e\u0440\u043d\u0431\u0435\u0440\u0437\u0456.\n<\/p>\n<\/div>\n<\/div>\n<\/div>\n\n\n\n<div class=\"wp-block-columns is-layout-flex wp-container-core-columns-is-layout-6cedfde3 wp-block-columns-is-layout-flex\">\n<!-- SPIELZEITEN -->\n<div class=\"wp-block-column\">\n<div class=\"wp-block-group kochba-kachel has-background\" style=\"background-color:#2d5798;border-radius:24px;padding:28px\">\n<p style=\"font-size:2rem\">\ud83d\udcc5<\/p>\n<h3 style=\"color:#ffffff\">\u0427\u0430\u0441 \u0456\u0433\u043e\u0440<\/h3>\n<p style=\"color:#f5f7fc;font-size:1.15rem;line-height:1.7\">\n\u0414\u043e\u043c\u0430\u0448\u043d\u0456 \u0456\u0433\u0440\u0438: \u0449\u043e\u0441\u0443\u0431\u043e\u0442\u0438 \u043e 15:00.<br>\n\u0412\u0438\u0457\u0437\u043d\u0456 \u0456\u0433\u0440\u0438: \u0443 \u043f&#039;\u044f\u0442\u043d\u0438\u0446\u044e \u0432\u0432\u0435\u0447\u0435\u0440\u0456\n<\/p>\n<\/div>\n<\/div>\n<!-- TEAM -->\n<div class=\"wp-block-column\">\n<div class=\"wp-block-group kochba-kachel has-background\" style=\"background-color:#2d5798;border-radius:24px;padding:28px\">\n<p style=\"font-size:2rem\">\ud83e\udd1d<\/p>\n<h3 style=\"color:#ffffff\">\u043a\u043e\u043c\u0430\u043d\u0434\u0430<\/h3>\n<p style=\"color:#f5f7fc;font-size:1.15rem;line-height:1.7\">\n\u041d\u0430\u0448\u0430 \u043a\u043e\u043c\u0430\u043d\u0434\u0430 \u043f\u0440\u043e\u0446\u0432\u0456\u0442\u0430\u0454 \u0437\u0430\u0432\u0434\u044f\u043a\u0438 \u0437\u0433\u0443\u0440\u0442\u043e\u0432\u0430\u043d\u043e\u0441\u0442\u0456, \u043d\u0430\u0434\u0456\u0439\u043d\u043e\u0441\u0442\u0456 \u0442\u0430 \u0441\u043f\u0456\u043b\u044c\u043d\u0456\u0439 \u0440\u0430\u0434\u043e\u0441\u0442\u0456 \u0432\u0456\u0434 \u0444\u0443\u0442\u0431\u043e\u043b\u0443 \u2013 \u043d\u0430 \u043f\u043e\u043b\u0456 \u0442\u0430 \u043f\u043e\u0437\u0430 \u043d\u0438\u043c.\n<\/p>\n<\/div>\n<\/div>\n<\/div>\n<\/div>\n\n\n\n<div class=\"wp-block-group alignfull has-background has-global-padding is-layout-constrained wp-container-core-group-is-layout-b2c90478 wp-block-group-is-layout-constrained\" style=\"background-color:#2e589a;padding-top:70px;padding-bottom:90px\">\n<blockquote class=\"wp-block-quote is-style-large has-text-color is-layout-flow wp-block-quote-is-layout-flow\" style=\"color:#ffffff;font-size:clamp(1.352rem, 1.352rem + ((1vw - 0.2rem) * 1.413), 2.2rem);font-style:italic\">\n<p>\u041d\u0430\u0448\u0430 \u043a\u043e\u043c\u0430\u043d\u0434\u0430 \u043f\u0440\u043e\u0446\u0432\u0456\u0442\u0430\u0454 \u0437\u0430\u0432\u0434\u044f\u043a\u0438 \u0432\u0456\u0434\u0434\u0430\u043d\u043e\u0441\u0442\u0456, \u043d\u0430\u0434\u0456\u0439\u043d\u043e\u0441\u0442\u0456 \u0442\u0430 \u0431\u0430\u0436\u0430\u043d\u043d\u044e \u0440\u0430\u0437\u043e\u043c \u0437\u0456\u0433\u0440\u0430\u0442\u0438 \u0441\u0442\u0430\u0431\u0456\u043b\u044c\u043d\u0438\u0439 \u0441\u0435\u0437\u043e\u043d.<\/p>\n<\/blockquote>\n<\/div>","protected":false},"excerpt":{"rendered":"<p>Unsere Mannschaft startet Mitte April in die neue Saison. Um Personalengp\u00e4ssen vorzubeugen, treten wir k\u00fcnftig als 9er-Mannschaft an. So schaffen wir stabile Rahmenbedingungen f\u00fcr einen verl\u00e4sslichen Spielbetrieb und bleiben als [&hellip;]<\/p>\n","protected":false},"author":1,"featured_media":0,"parent":0,"menu_order":0,"comment_status":"closed","ping_status":"closed","template":"","meta":{"pgc_sgb_lightbox_settings":"","_EventAllDay":false,"_EventTimezone":"","_EventStartDate":"","_EventEndDate":"","_EventStartDateUTC":"","_EventEndDateUTC":"","_EventShowMap":false,"_EventShowMapLink":false,"_EventURL":"","_EventCost":"","_EventCostDescription":"","_EventCurrencySymbol":"","_EventCurrencyCode":"","_EventCurrencyPosition":"","_EventDateTimeSeparator":"","_EventTimeRangeSeparator":"","_EventOrganizerID":[],"_EventVenueID":[],"_OrganizerEmail":"","_OrganizerPhone":"","_OrganizerWebsite":"","_VenueAddress":"","_VenueCity":"","_VenueCountry":"","_VenueProvince":"","_VenueState":"","_VenueZip":"","_VenuePhone":"","_VenueURL":"","_VenueStateProvince":"","_VenueLat":"","_VenueLng":"","_VenueShowMap":false,"_VenueShowMapLink":false,"footnotes":""},"class_list":["post-594","page","type-page","status-publish","hentry"],"_links":{"self":[{"href":"https:\/\/tusbarkochba.de\/ua\/wp-json\/wp\/v2\/pages\/594","targetHints":{"allow":["GET"]}}],"collection":[{"href":"https:\/\/tusbarkochba.de\/ua\/wp-json\/wp\/v2\/pages"}],"about":[{"href":"https:\/\/tusbarkochba.de\/ua\/wp-json\/wp\/v2\/types\/page"}],"author":[{"embeddable":true,"href":"https:\/\/tusbarkochba.de\/ua\/wp-json\/wp\/v2\/users\/1"}],"replies":[{"embeddable":true,"href":"https:\/\/tusbarkochba.de\/ua\/wp-json\/wp\/v2\/comments?post=594"}],"version-history":[{"count":13,"href":"https:\/\/tusbarkochba.de\/ua\/wp-json\/wp\/v2\/pages\/594\/revisions"}],"predecessor-version":[{"id":1198,"href":"https:\/\/tusbarkochba.de\/ua\/wp-json\/wp\/v2\/pages\/594\/revisions\/1198"}],"wp:attachment":[{"href":"https:\/\/tusbarkochba.de\/ua\/wp-json\/wp\/v2\/media?parent=594"}],"curies":[{"name":"\u0412\u041f","href":"https:\/\/api.w.org\/{rel}","templated":true}]}}