{"id":584,"date":"2026-03-27T16:26:26","date_gmt":"2026-03-27T16:26:26","guid":{"rendered":"https:\/\/tusbarkochba.de\/geschichte"},"modified":"2026-03-27T16:32:20","modified_gmt":"2026-03-27T16:32:20","slug":"geschichte","status":"publish","type":"page","link":"https:\/\/tusbarkochba.de\/ua\/geschichte","title":{"rendered":"\u0406\u0441\u0442\u043e\u0440\u0456\u044f"},"content":{"rendered":"\n<div class=\"wp-block-group has-global-padding is-layout-constrained wp-block-group-is-layout-constrained\">\n<div class=\"wp-block-cover alignfull is-light\" style=\"padding-top:60px;padding-right:40px;padding-bottom:60px;padding-left:40px;min-height:300px;aspect-ratio:unset;\"><span aria-hidden=\"true\" class=\"wp-block-cover__background has-background-dim-0 has-background-dim has-background-gradient\" style=\"background:linear-gradient(135deg,rgb(36,73,138) 0%,rgb(47,90,166) 100%)\"><\/span><div class=\"wp-block-cover__inner-container is-layout-flow wp-block-cover-is-layout-flow\">\n<div class=\"wp-block-group has-global-padding is-layout-constrained wp-container-core-group-is-layout-5fb0786f wp-block-group-is-layout-constrained\">\n<p class=\"has-text-color\" style=\"color:#ffffff;font-size:0.85rem;letter-spacing:1.5px;text-transform:uppercase\">TuS Bar Kochba N\u00fcrnberg e.V.<\/p>\n\n\n\n<h1 class=\"wp-block-heading has-text-color\" style=\"color:#ffffff;font-size:clamp(2.5rem,5vw,4.4rem);line-height:1.05\">Geschichte<\/h1>\n\n\n\n<p class=\"has-text-color\" style=\"color:#ffffff;font-size:clamp(0.875rem, 0.875rem + ((1vw - 0.2rem) * 0.508), 1.18rem);line-height:1.75\">Die Geschichte des TuS Bar Kochba N\u00fcrnberg ist weit mehr als eine Vereinschronik. Sie erz\u00e4hlt von Gr\u00fcndung und Aufbruch, von Verbot und Verlust \u2013 und von dem Mut, nach dunklen Zeiten wieder neu zu beginnen.<\/p>\n<\/div>\n<\/div><\/div>\n\n\n\n<div class=\"wp-block-group has-background has-global-padding is-layout-constrained wp-container-core-group-is-layout-02f7b5a7 wp-block-group-is-layout-constrained\" style=\"background-color:#eaf1fb;padding-top:70px;padding-bottom:55px\">\n<div class=\"wp-block-columns are-vertically-aligned-top is-layout-flex wp-container-core-columns-is-layout-f2b4f319 wp-block-columns-is-layout-flex\">\n<div class=\"wp-block-column is-vertically-aligned-top is-layout-flow wp-block-column-is-layout-flow\" style=\"flex-basis:66%\">\n<h2 class=\"wp-block-heading has-text-color\" style=\"color:#24498a;font-size:clamp(1.301rem, 1.301rem + ((1vw - 0.2rem) * 1.332), 2.1rem);\">Unterbrochen \u2013 aber nie gebrochen<\/h2>\n\n\n\n<p class=\"has-text-color\" style=\"color:#24498a;font-size:clamp(0.875rem, 0.875rem + ((1vw - 0.2rem) * 0.342), 1.08rem);line-height:1.85\">Der TuS Bar Kochba N\u00fcrnberg wurde 1913 als j\u00fcdischer Sportverein gegr\u00fcndet. In den 1920er Jahren entwickelte sich ein vielf\u00e4ltiges Vereinsleben mit zahlreichen Sportarten und einer starken Gemeinschaft. 1933 wurde der Verein durch die Nationalsozialisten verboten und sp\u00e4ter vollst\u00e4ndig aufgel\u00f6st. Erst 1966 gelang die Wiedergr\u00fcndung \u2013 und damit ein Neubeginn, der bis heute nachwirkt. :contentReference[oaicite:0]{index=0} :contentReference[oaicite:1]{index=1} :contentReference[oaicite:2]{index=2}<\/p>\n<\/div>\n\n\n\n<div class=\"wp-block-column is-vertically-aligned-top is-layout-flow wp-block-column-is-layout-flow\" style=\"flex-basis:34%\">\n<div class=\"wp-block-group has-background has-global-padding is-layout-constrained wp-container-core-group-is-layout-f017406b wp-block-group-is-layout-constrained\" style=\"border-radius:22px;background-color:#2f5aa6;padding-top:28px;padding-right:28px;padding-bottom:28px;padding-left:28px\">\n<h3 class=\"wp-block-heading has-text-color\" style=\"color:#ffffff;font-size:clamp(0.875rem, 0.875rem + ((1vw - 0.2rem) * 0.625), 1.25rem);\">Zeitleiste<\/h3>\n\n\n\n<ul style=\"color:#ffffff;font-size:clamp(0.875rem, 0.875rem + ((1vw - 0.2rem) * 0.208), 1rem);line-height:1.75\" class=\"wp-block-list has-text-color\">\n<li>1913 \u2013 Gr\u00fcndung<\/li>\n\n\n\n<li>1920er \u2013 Aufschwung<\/li>\n\n\n\n<li>1933 \u2013 Verbot<\/li>\n\n\n\n<li>1966 \u2013 Wiedergr\u00fcndung<\/li>\n\n\n\n<li>seit 2000 \u2013 neuer Aufschwung<\/li>\n<\/ul>\n<\/div>\n<\/div>\n<\/div>\n<\/div>\n\n\n\n<div class=\"wp-block-group has-background has-global-padding is-layout-constrained wp-container-core-group-is-layout-dc674a02 wp-block-group-is-layout-constrained\" style=\"background-color:#ffffff;padding-top:72px;padding-bottom:82px\">\n<h2 class=\"wp-block-heading has-text-align-center has-text-color\" style=\"color:#24498a;margin-bottom:36px;font-size:clamp(1.25rem, 1.25rem + ((1vw - 0.2rem) * 1.25), 2rem);\">Die wichtigsten Stationen<\/h2>\n\n\n\n<div class=\"wp-block-columns is-layout-flex wp-container-core-columns-is-layout-6cedfde3 wp-block-columns-is-layout-flex\">\n<div class=\"wp-block-column is-layout-flow wp-block-column-is-layout-flow\">\n<div class=\"wp-block-group has-background has-global-padding is-layout-constrained wp-container-core-group-is-layout-25522c64 wp-block-group-is-layout-constrained\" style=\"border-radius:22px;background-color:#24498a;min-height:100%;padding-top:34px;padding-right:30px;padding-bottom:34px;padding-left:30px\">\n<p class=\"has-text-color\" style=\"color:#ffffff;font-size:clamp(0.875rem, 0.875rem + ((1vw - 0.2rem) * 0.125), 0.95rem);letter-spacing:1px;text-transform:uppercase\">1913<\/p>\n\n\n\n<h3 class=\"wp-block-heading has-text-color\" style=\"color:#ffffff;font-size:clamp(1.011rem, 1.011rem + ((1vw - 0.2rem) * 0.898), 1.55rem);line-height:1.2\">Gr\u00fcndung<\/h3>\n\n\n\n<p class=\"has-text-color\" style=\"color:#ffffff;font-size:clamp(0.875rem, 0.875rem + ((1vw - 0.2rem) * 0.258), 1.03rem);line-height:1.72\">Im Herbst 1913 beschlossen engagierte junge M\u00e4nner in N\u00fcrnberg die Gr\u00fcndung eines j\u00fcdischen Turn- und Sportvereins. Der Name \u201eBar Kochba\u201c verweist auf die historische Figur Simon Bar Kochba. <\/p>\n<\/div>\n<\/div>\n\n\n\n<div class=\"wp-block-column is-layout-flow wp-block-column-is-layout-flow\">\n<div class=\"wp-block-group has-background has-global-padding is-layout-constrained wp-container-core-group-is-layout-25522c64 wp-block-group-is-layout-constrained\" style=\"border-radius:22px;background-color:#2f5aa6;min-height:100%;padding-top:34px;padding-right:30px;padding-bottom:34px;padding-left:30px\">\n<p class=\"has-text-color\" style=\"color:#ffffff;font-size:clamp(0.875rem, 0.875rem + ((1vw - 0.2rem) * 0.125), 0.95rem);letter-spacing:1px;text-transform:uppercase\">1920er Jahre<\/p>\n\n\n\n<h3 class=\"wp-block-heading has-text-color\" style=\"color:#ffffff;font-size:clamp(1.011rem, 1.011rem + ((1vw - 0.2rem) * 0.898), 1.55rem);line-height:1.2\">Aufschwung<\/h3>\n\n\n\n<p class=\"has-text-color\" style=\"color:#ffffff;font-size:clamp(0.875rem, 0.875rem + ((1vw - 0.2rem) * 0.258), 1.03rem);line-height:1.72\">Der Verein wuchs stark, baute mehrere Abteilungen auf und erreichte 1927 eine Mitgliederzahl von 482. Neben Turnen und Leichtathletik kamen weitere Sportarten hinzu, ab 1928 auch Fu\u00dfball.<\/p>\n<\/div>\n<\/div>\n<\/div>\n\n\n\n<div style=\"height:28px\" aria-hidden=\"true\" class=\"wp-block-spacer\"><\/div>\n\n\n\n<div class=\"wp-block-columns is-layout-flex wp-container-core-columns-is-layout-6cedfde3 wp-block-columns-is-layout-flex\">\n<div class=\"wp-block-column is-layout-flow wp-block-column-is-layout-flow\">\n<div class=\"wp-block-group has-background has-global-padding is-layout-constrained wp-container-core-group-is-layout-25522c64 wp-block-group-is-layout-constrained\" style=\"border-radius:22px;background-color:#2f5aa6;min-height:100%;padding-top:34px;padding-right:30px;padding-bottom:34px;padding-left:30px\">\n<p class=\"has-text-color\" style=\"color:#ffffff;font-size:clamp(0.875rem, 0.875rem + ((1vw - 0.2rem) * 0.125), 0.95rem);letter-spacing:1px;text-transform:uppercase\">1933\u20131940<\/p>\n\n\n\n<h3 class=\"wp-block-heading has-text-color\" style=\"color:#ffffff;font-size:clamp(1.011rem, 1.011rem + ((1vw - 0.2rem) * 0.898), 1.55rem);line-height:1.2\">Verbot und Zerst\u00f6rung<\/h3>\n\n\n\n<p class=\"has-text-color\" style=\"color:#ffffff;font-size:clamp(0.875rem, 0.875rem + ((1vw - 0.2rem) * 0.258), 1.03rem);line-height:1.72\">Nach der Macht\u00fcbernahme der Nationalsozialisten wurde der Verein verboten, sp\u00e4ter zwangsweise in den Itus N\u00fcrnberg \u00fcberf\u00fchrt und schlie\u00dflich endg\u00fcltig aufgel\u00f6st. Dieses Kapitel geh\u00f6rt untrennbar zur Vereinsgeschichte. <\/p>\n<\/div>\n<\/div>\n\n\n\n<div class=\"wp-block-column is-layout-flow wp-block-column-is-layout-flow\">\n<div class=\"wp-block-group has-background has-global-padding is-layout-constrained wp-container-core-group-is-layout-25522c64 wp-block-group-is-layout-constrained\" style=\"border-radius:22px;background-color:#24498a;min-height:100%;padding-top:34px;padding-right:30px;padding-bottom:34px;padding-left:30px\">\n<p class=\"has-text-color\" style=\"color:#ffffff;font-size:clamp(0.875rem, 0.875rem + ((1vw - 0.2rem) * 0.125), 0.95rem);letter-spacing:1px;text-transform:uppercase\">ab 1966<\/p>\n\n\n\n<h3 class=\"wp-block-heading has-text-color\" style=\"color:#ffffff;font-size:clamp(1.011rem, 1.011rem + ((1vw - 0.2rem) * 0.898), 1.55rem);line-height:1.2\">Wiedergr\u00fcndung und Gegenwart<\/h3>\n\n\n\n<p class=\"has-text-color\" style=\"color:#ffffff;font-size:clamp(0.875rem, 0.875rem + ((1vw - 0.2rem) * 0.258), 1.03rem);line-height:1.72\">1966 wurde Bar Kochba neu gegr\u00fcndet. In den folgenden Jahrzehnten entwickelte sich der Verein sportlich und gesellschaftlich weiter \u2013 mit Fu\u00dfball, Gemeinschaft und internationalen Reisen als pr\u00e4gende Elemente. <\/p>\n<\/div>\n<\/div>\n<\/div>\n<\/div>\n\n\n\n<div class=\"wp-block-group has-background has-global-padding is-layout-constrained wp-container-core-group-is-layout-9569d8d5 wp-block-group-is-layout-constrained\" style=\"background-color:#24498a;padding-top:60px;padding-right:36px;padding-bottom:60px;padding-left:36px\">\n<blockquote class=\"wp-block-quote is-style-large has-text-color is-layout-flow wp-block-quote-is-layout-flow\" style=\"color:#ffffff;font-size:clamp(0.957rem, 0.957rem + ((1vw - 0.2rem) * 0.822), 1.45rem);line-height:1.7\">\n<p>Unterbrochen, aber nie gebrochen.<\/p>\n<cite>Jubil\u00e4ums-Festschrift 2013<\/cite><\/blockquote>\n<\/div>\n\n\n\n<div class=\"wp-block-group has-background has-global-padding is-layout-constrained wp-container-core-group-is-layout-0e538a0e wp-block-group-is-layout-constrained\" style=\"background-color:#ffffff;padding-top:72px;padding-bottom:84px\">\n<div class=\"wp-block-columns are-vertically-aligned-top is-layout-flex wp-container-core-columns-is-layout-92515837 wp-block-columns-is-layout-flex\">\n<div class=\"wp-block-column is-vertically-aligned-top is-layout-flow wp-block-column-is-layout-flow\" style=\"flex-basis:58%\">\n<h2 class=\"wp-block-heading has-text-color\" style=\"color:#24498a;font-size:clamp(1.25rem, 1.25rem + ((1vw - 0.2rem) * 1.25), 2rem);\">Geschichte, die weiterwirkt<\/h2>\n\n\n\n<p class=\"has-text-color\" style=\"color:#24498a;font-size:clamp(0.875rem, 0.875rem + ((1vw - 0.2rem) * 0.342), 1.08rem);line-height:1.85\">Heute steht der TuS Bar Kochba N\u00fcrnberg f\u00fcr gelebte Erinnerung, sportliche Gemeinschaft und Offenheit. Die Geschichte des Vereins erkl\u00e4rt, warum Bar Kochba weit mehr ist als ein gew\u00f6hnlicher Fu\u00dfballverein: Hier verbinden sich Tradition, Haltung und Zusammenhalt auf besondere Weise. Auch in den Gru\u00dfworten der Festschrift wird der Verein als Symbol f\u00fcr Kontinuit\u00e4t, Gemeinschaft und gelebtes Miteinander beschrieben. <\/p>\n<\/div>\n\n\n\n<div class=\"wp-block-column is-vertically-aligned-top is-layout-flow wp-block-column-is-layout-flow\" style=\"flex-basis:42%\">\n<div class=\"wp-block-group has-background has-global-padding is-layout-constrained wp-container-core-group-is-layout-440d6992 wp-block-group-is-layout-constrained\" style=\"border-radius:22px;background-color:#eaf1fb;padding-top:30px;padding-right:28px;padding-bottom:30px;padding-left:28px\">\n<h3 class=\"wp-block-heading has-text-color\" style=\"color:#24498a;font-size:clamp(0.901rem, 0.901rem + ((1vw - 0.2rem) * 0.748), 1.35rem);\">Mehr entdecken<\/h3>\n\n\n\n<ul style=\"color:#24498a;font-size:clamp(0.875rem, 0.875rem + ((1vw - 0.2rem) * 0.208), 1rem);line-height:1.75\" class=\"wp-block-list has-text-color\">\n<li>Die Mannschaft heute<\/li>\n\n\n\n<li>Auslandsreisen und Begegnungen<\/li>\n\n\n\n<li>Gemeinschaft und Vereinsleben<\/li>\n\n\n\n<li>Traditionen und besondere Geschichten<\/li>\n<\/ul>\n\n\n\n<div class=\"wp-block-buttons is-layout-flex wp-block-buttons-is-layout-flex\">\n<div class=\"wp-block-button\"><a class=\"wp-block-button__link has-text-color has-background wp-element-button\" href=\"\/kontakt\/\" style=\"border-radius:999px;color:#ffffff;background-color:#24498a;padding-top:12px;padding-right:22px;padding-bottom:12px;padding-left:22px\">Kontakt<\/a><\/div>\n<\/div>\n<\/div>\n<\/div>\n<\/div>\n<\/div>\n<\/div>\n","protected":false},"excerpt":{"rendered":"<p>Unterbrochen \u2013 aber nie gebrochen Der TuS Bar Kochba N\u00fcrnberg wurde 1913 als j\u00fcdischer Sportverein gegr\u00fcndet. In den 1920er Jahren entwickelte sich ein vielf\u00e4ltiges Vereinsleben mit zahlreichen Sportarten und einer [&hellip;]<\/p>\n","protected":false},"author":1,"featured_media":0,"parent":0,"menu_order":0,"comment_status":"closed","ping_status":"closed","template":"","meta":{"pgc_sgb_lightbox_settings":"","_EventAllDay":false,"_EventTimezone":"","_EventStartDate":"","_EventEndDate":"","_EventStartDateUTC":"","_EventEndDateUTC":"","_EventShowMap":false,"_EventShowMapLink":false,"_EventURL":"","_EventCost":"","_EventCostDescription":"","_EventCurrencySymbol":"","_EventCurrencyCode":"","_EventCurrencyPosition":"","_EventDateTimeSeparator":"","_EventTimeRangeSeparator":"","_EventOrganizerID":[],"_EventVenueID":[],"_OrganizerEmail":"","_OrganizerPhone":"","_OrganizerWebsite":"","_VenueAddress":"","_VenueCity":"","_VenueCountry":"","_VenueProvince":"","_VenueState":"","_VenueZip":"","_VenuePhone":"","_VenueURL":"","_VenueStateProvince":"","_VenueLat":"","_VenueLng":"","_VenueShowMap":false,"_VenueShowMapLink":false,"footnotes":""},"class_list":["post-584","page","type-page","status-publish","hentry"],"_links":{"self":[{"href":"https:\/\/tusbarkochba.de\/ua\/wp-json\/wp\/v2\/pages\/584","targetHints":{"allow":["GET"]}}],"collection":[{"href":"https:\/\/tusbarkochba.de\/ua\/wp-json\/wp\/v2\/pages"}],"about":[{"href":"https:\/\/tusbarkochba.de\/ua\/wp-json\/wp\/v2\/types\/page"}],"author":[{"embeddable":true,"href":"https:\/\/tusbarkochba.de\/ua\/wp-json\/wp\/v2\/users\/1"}],"replies":[{"embeddable":true,"href":"https:\/\/tusbarkochba.de\/ua\/wp-json\/wp\/v2\/comments?post=584"}],"version-history":[{"count":2,"href":"https:\/\/tusbarkochba.de\/ua\/wp-json\/wp\/v2\/pages\/584\/revisions"}],"predecessor-version":[{"id":587,"href":"https:\/\/tusbarkochba.de\/ua\/wp-json\/wp\/v2\/pages\/584\/revisions\/587"}],"wp:attachment":[{"href":"https:\/\/tusbarkochba.de\/ua\/wp-json\/wp\/v2\/media?parent=584"}],"curies":[{"name":"\u0412\u041f","href":"https:\/\/api.w.org\/{rel}","templated":true}]}}