{"id":23,"date":"2023-11-22T18:11:33","date_gmt":"2023-11-22T18:11:33","guid":{"rendered":"https:\/\/tusbarkochba.de\/?page_id=23"},"modified":"2026-03-28T20:39:02","modified_gmt":"2026-03-28T20:39:02","slug":"chronik","status":"publish","type":"page","link":"https:\/\/tusbarkochba.de\/ua\/chronik","title":{"rendered":"\u0445\u0440\u043e\u043d\u0456\u043a\u0430"},"content":{"rendered":"<div class=\"wp-block-group has-global-padding is-layout-constrained wp-container-core-group-is-layout-4383d167 wp-block-group-is-layout-constrained\">\n<hr class=\"wp-block-separator has-css-opacity hero-trenner\"\/>\n\n\n\n<div class=\"wp-block-columns are-vertically-aligned-top is-layout-flex wp-container-core-columns-is-layout-500fc115 wp-block-columns-is-layout-flex\">\n<div class=\"wp-block-column is-vertically-aligned-top is-layout-flow wp-block-column-is-layout-flow\" style=\"flex-basis:62%\">\n<p style=\"font-size:clamp(0.875rem, 0.875rem + ((1vw - 0.2rem) * 0.542), 1.2rem);line-height:1.75\">\u0406\u0441\u0442\u043e\u0440\u0456\u044f \u043a\u043b\u0443\u0431\u0443 TuS Bar Kochba N\u00fcrnberg \u0445\u0430\u0440\u0430\u043a\u0442\u0435\u0440\u0438\u0437\u0443\u0454\u0442\u044c\u0441\u044f \u0441\u043f\u043e\u0440\u0442\u0438\u0432\u043d\u0438\u043c\u0438 \u0443\u0441\u043f\u0456\u0445\u0430\u043c\u0438, \u043e\u0441\u043e\u0431\u043b\u0438\u0432\u0438\u043c\u0438 \u043e\u0441\u043e\u0431\u0438\u0441\u0442\u043e\u0441\u0442\u044f\u043c\u0438, \u044f\u0441\u043a\u0440\u0430\u0432\u043e\u044e \u0441\u043f\u0456\u043b\u044c\u043d\u043e\u0442\u043e\u044e \u0442\u0430 \u0431\u0430\u0433\u0430\u0442\u044c\u043c\u0430 \u0441\u043f\u043e\u0433\u0430\u0434\u0430\u043c\u0438, \u044f\u043a\u0456 \u043f\u0440\u043e\u0434\u043e\u0432\u0436\u0443\u044e\u0442\u044c \u043f\u0456\u0434\u0442\u0440\u0438\u043c\u0443\u0432\u0430\u0442\u0438 \u043a\u043b\u0443\u0431 \u0456 \u0434\u043e\u043d\u0438\u043d\u0456.<\/p>\n\n\n\n<p style=\"font-size:clamp(0.875rem, 0.875rem + ((1vw - 0.2rem) * 0.542), 1.2rem);line-height:1.75\">\u041d\u0430\u0448\u0430 \u0445\u0440\u043e\u043d\u0456\u043a\u0430 \u0434\u0430\u0454 \u0443\u044f\u0432\u043b\u0435\u043d\u043d\u044f \u043f\u0440\u043e \u0440\u043e\u0437\u0432\u0438\u0442\u043e\u043a \u043a\u043b\u0443\u0431\u0443, \u043d\u0430\u0433\u0430\u0434\u0443\u0454 \u0432\u0430\u0436\u043b\u0438\u0432\u0456 \u0432\u0456\u0445\u0438 \u0442\u0430 \u043f\u043e\u043a\u0430\u0437\u0443\u0454, \u043d\u0430\u0441\u043a\u0456\u043b\u044c\u043a\u0438 \u0442\u0456\u0441\u043d\u043e \u0444\u0443\u0442\u0431\u043e\u043b, \u0437\u0433\u0443\u0440\u0442\u043e\u0432\u0430\u043d\u0456\u0441\u0442\u044c \u0442\u0430 \u0442\u0440\u0430\u0434\u0438\u0446\u0456\u0457 \u043f\u043e\u0432&#039;\u044f\u0437\u0430\u043d\u0456 \u0432 \u0422\u0443\u0421 \u0411\u0430\u0440 \u041a\u043e\u0445\u0431\u0430.<\/p>\n<\/div>\n\n\n\n<div class=\"wp-block-column is-vertically-aligned-top is-layout-flow wp-block-column-is-layout-flow\" style=\"flex-basis:38%\">\n<div class=\"wp-block-group grimm-info-box is-layout-flow wp-block-group-is-layout-flow\" style=\"border-radius:18px;padding-top:26px;padding-right:26px;padding-bottom:26px;padding-left:26px\">\n<h3 class=\"wp-block-heading\" style=\"margin-top:0;margin-bottom:14px\">\u0417\u0430\u0432\u0430\u043d\u0442\u0430\u0436\u0438\u0442\u0438<\/h3>\n\n\n\n<p>\u041f\u043e\u0432\u043d\u0430 \u0456\u0441\u0442\u043e\u0440\u0456\u044f \u043a\u043b\u0443\u0431\u0443 \u0434\u043e\u0441\u0442\u0443\u043f\u043d\u0430 \u0442\u0443\u0442 \u0443 \u0444\u043e\u0440\u043c\u0430\u0442\u0456 PDF.<\/p>\n\n\n\n<div class=\"wp-block-buttons is-layout-flex wp-block-buttons-is-layout-flex\">\n<div class=\"wp-block-button kochba-btn-light\"><a class=\"wp-block-button__link wp-element-button\" href=\"https:\/\/stadtnbg-my.sharepoint.com\/:b:\/g\/personal\/mattias_thiele_schulen_nuernberg_de\/EdQsWenb-AhKo6LQpGc-Dd0BpdjlY56docySDBJp1lUquw?e=0fSIUK\" target=\"_blank\" rel=\"noreferrer noopener\">\u0412\u0456\u0434\u043a\u0440\u0438\u0442\u0438 \u0445\u0440\u043e\u043d\u0456\u043a\u0443 \u0443 \u0444\u043e\u0440\u043c\u0430\u0442\u0456 PDF<\/a><\/div>\n<\/div>\n<\/div>\n<\/div>\n<\/div>\n\n\n\n<div style=\"height:28px\" aria-hidden=\"true\" class=\"wp-block-spacer\"><\/div>\n\n\n\n<h2 class=\"wp-block-heading\">\u0417\u0431\u0435\u0440\u0435\u0436\u0435\u043d\u043d\u044f \u0441\u043f\u043e\u0433\u0430\u0434\u0456\u0432<\/h2>\n\n\n\n<p>\u0425\u0440\u043e\u043d\u0456\u043a\u0430 \u043f\u0440\u043e\u0446\u0432\u0456\u0442\u0430\u0454 \u043d\u0430 \u0456\u0441\u0442\u043e\u0440\u0456\u044f\u0445, \u0444\u043e\u0442\u043e\u0433\u0440\u0430\u0444\u0456\u044f\u0445 \u0442\u0430 \u0441\u043f\u043e\u0433\u0430\u0434\u0430\u0445 \u0440\u0456\u0437\u043d\u0438\u0445 \u043f\u043e\u043a\u043e\u043b\u0456\u043d\u044c. \u0412\u043e\u043d\u0430 \u0434\u043e\u043a\u0443\u043c\u0435\u043d\u0442\u0443\u0454 \u043d\u0435 \u043b\u0438\u0448\u0435 \u0440\u0435\u0437\u0443\u043b\u044c\u0442\u0430\u0442\u0438 \u0442\u0430 \u043f\u043e\u0434\u0456\u0457, \u0430 \u0439 \u0443\u043d\u0456\u043a\u0430\u043b\u044c\u043d\u0435 \u043a\u043b\u0443\u0431\u043d\u0435 \u0436\u0438\u0442\u0442\u044f, \u044f\u043a\u0435 \u0444\u043e\u0440\u043c\u0443\u0432\u0430\u043b\u043e TuS Bar Kochba N\u00fcrnberg \u043f\u0440\u043e\u0442\u044f\u0433\u043e\u043c \u0431\u0430\u0433\u0430\u0442\u044c\u043e\u0445 \u0440\u043e\u043a\u0456\u0432.<\/p>\n\n\n\n<p>\u041a\u043e\u0436\u0435\u043d, \u0445\u0442\u043e \u0445\u043e\u0447\u0435 \u0437\u0440\u043e\u0437\u0443\u043c\u0456\u0442\u0438 \u0456\u0441\u0442\u043e\u0440\u0456\u044e \u043a\u043b\u0443\u0431\u0443, \u0437\u043d\u0430\u0439\u0434\u0435 \u0432 \u0445\u0440\u043e\u043d\u0456\u0446\u0456 \u0431\u0430\u0433\u0430\u0442\u043e \u0437\u0430\u0445\u043e\u043f\u043b\u0438\u0432\u0438\u0445 \u0434\u0435\u0442\u0430\u043b\u0435\u0439 \u2013 \u0432\u0456\u0434 \u0432\u0438\u0442\u043e\u043a\u0456\u0432 \u0434\u043e \u0441\u044c\u043e\u0433\u043e\u0434\u0435\u043d\u043d\u044f.<\/p>\n\n\n\n<blockquote class=\"wp-block-quote is-layout-flow wp-block-quote-is-layout-flow\" style=\"margin-top:32px;margin-bottom:18px\">\n<p>\u0425\u0440\u043e\u043d\u0456\u043a\u0430 \u0437\u0431\u0435\u0440\u0456\u0433\u0430\u0454 \u043d\u0435 \u043b\u0438\u0448\u0435 \u0434\u0430\u043d\u0456 \u0442\u0430 \u0440\u0435\u0437\u0443\u043b\u044c\u0442\u0430\u0442\u0438, \u0430 \u0439 \u043f\u0430\u043c&#039;\u044f\u0442\u044c \u043f\u0440\u043e \u0442\u0435, \u0449\u043e \u0440\u043e\u0431\u0438\u0442\u044c \u043d\u0430\u0448 \u043a\u043b\u0443\u0431 \u043e\u0441\u043e\u0431\u043b\u0438\u0432\u0438\u043c.<\/p>\n<\/blockquote>\n\n\n\n<div style=\"height:18px\" aria-hidden=\"true\" class=\"wp-block-spacer\"><\/div>\n\n\n\n<h2 class=\"wp-block-heading\">\u0414\u043e\u0434\u0430\u0442\u043a\u043e\u0432\u0430 \u0456\u043d\u0444\u043e\u0440\u043c\u0430\u0446\u0456\u044f \u043f\u0440\u043e \u0436\u0438\u0442\u0442\u044f \u043d\u0430\u0448\u043e\u0433\u043e \u043a\u043b\u0443\u0431\u0443<\/h2>\n\n\n\n<div class=\"wp-block-columns is-layout-flex wp-container-core-columns-is-layout-6cedfde3 wp-block-columns-is-layout-flex\">\n<div class=\"wp-block-column is-layout-flow wp-block-column-is-layout-flow\" style=\"flex-basis:50%\">\n<div class=\"wp-block-group kochba-kachel has-background is-layout-flow wp-block-group-is-layout-flow\" style=\"border-radius:24px;background-color:#2d5798;padding-top:28px;padding-right:28px;padding-bottom:28px;padding-left:28px\">\n<p style=\"margin-top:0;margin-bottom:8px;font-size:clamp(1.25rem, 1.25rem + ((1vw - 0.2rem) * 1.25), 2rem);\">\ud83d\udcd8<\/p>\n\n\n\n<h3 class=\"wp-block-heading has-text-color\" style=\"color:#ffffff;margin-top:0;margin-bottom:12px\">\u041f\u043e\u0457\u0437\u0434\u043a\u0430 \u0434\u043e \u043a\u043b\u0443\u0431\u0443<\/h3>\n\n\n\n<p class=\"has-text-color\" style=\"color:#f4f7fc;line-height:1.7\">\u041d\u0430\u0448\u0456 \u043a\u043b\u0443\u0431\u043d\u0456 \u043f\u043e\u0457\u0437\u0434\u043a\u0438 \u0454 \u0448\u0430\u043d\u043e\u0432\u0430\u043d\u043e\u044e \u0442\u0440\u0430\u0434\u0438\u0446\u0456\u0454\u044e \u043a\u043b\u0443\u0431\u0443 \u043f\u0440\u043e\u0442\u044f\u0433\u043e\u043c \u0431\u0430\u0433\u0430\u0442\u044c\u043e\u0445 \u0440\u043e\u043a\u0456\u0432, \u043f\u043e\u0454\u0434\u043d\u0443\u044e\u0447\u0438 \u0444\u0443\u0442\u0431\u043e\u043b, \u0441\u043f\u0456\u043b\u044c\u043d\u043e\u0442\u0443 \u0442\u0430 \u043d\u0435\u0437\u0430\u0431\u0443\u0442\u043d\u0456 \u0432\u0440\u0430\u0436\u0435\u043d\u043d\u044f.<\/p>\n\n\n\n<p class=\"kochba-link-wrap\"><a href=\"\/ua\/vereinsreise\/\" class=\"kochba-pill-link\">\u0414\u043b\u044f \u043f\u043e\u0457\u0437\u0434\u043a\u0438 \u0434\u043e \u043a\u043b\u0443\u0431\u0443<\/a><\/p>\n<\/div>\n<\/div>\n\n\n\n<div class=\"wp-block-column is-layout-flow wp-block-column-is-layout-flow\" style=\"flex-basis:50%\">\n<div class=\"wp-block-group kochba-kachel has-background is-layout-flow wp-block-group-is-layout-flow\" style=\"border-radius:24px;background-color:#2d5798;padding-top:28px;padding-right:28px;padding-bottom:28px;padding-left:28px\">\n<p style=\"margin-top:0;margin-bottom:8px;font-size:clamp(1.25rem, 1.25rem + ((1vw - 0.2rem) * 1.25), 2rem);\">\ud83e\udd1d<\/p>\n\n\n\n<h3 class=\"wp-block-heading has-text-color\" style=\"color:#ffffff;margin-top:0;margin-bottom:12px\">\u0433\u0440\u043e\u043c\u0430\u0434\u0430<\/h3>\n\n\n\n<p class=\"has-text-color\" style=\"color:#f4f7fc;line-height:1.7\">\u0406\u0441\u0442\u043e\u0440\u0456\u044f \u043a\u043b\u0443\u0431\u0443 \u2013 \u0446\u0435 \u0437\u0430\u0432\u0436\u0434\u0438 \u0456\u0441\u0442\u043e\u0440\u0456\u044f \u0437\u0433\u0443\u0440\u0442\u043e\u0432\u0430\u043d\u043e\u0441\u0442\u0456, \u0434\u0440\u0443\u0436\u0431\u0438 \u0442\u0430 \u0436\u0438\u0432\u043e\u0433\u043e \u0437\u0432&#039;\u044f\u0437\u043a\u0443 \u043a\u0440\u0456\u0437\u044c \u043f\u043e\u043a\u043e\u043b\u0456\u043d\u043d\u044f.<\/p>\n\n\n\n<p class=\"kochba-link-wrap\"><a href=\"\/ua\/gemeinschaft\/\" class=\"kochba-pill-link\">\u0414\u043e \u0433\u0440\u043e\u043c\u0430\u0434\u0438<\/a><\/p>\n<\/div>\n<\/div>\n<\/div>\n\n\n\n<div style=\"height:28px\" aria-hidden=\"true\" class=\"wp-block-spacer\"><\/div>\n\n\n\n<div class=\"wp-block-columns is-layout-flex wp-container-core-columns-is-layout-6cedfde3 wp-block-columns-is-layout-flex\">\n<div class=\"wp-block-column is-layout-flow wp-block-column-is-layout-flow\" style=\"flex-basis:50%\">\n<div class=\"wp-block-group kochba-kachel has-background is-layout-flow wp-block-group-is-layout-flow\" style=\"border-radius:24px;background-color:#2d5798;padding-top:28px;padding-right:28px;padding-bottom:28px;padding-left:28px\">\n<p style=\"margin-top:0;margin-bottom:8px;font-size:clamp(1.25rem, 1.25rem + ((1vw - 0.2rem) * 1.25), 2rem);\">\u26bd<\/p>\n\n\n\n<h3 class=\"wp-block-heading has-text-color\" style=\"color:#ffffff;margin-top:0;margin-bottom:12px\">\u043a\u043e\u043c\u0430\u043d\u0434\u0430<\/h3>\n\n\n\n<p class=\"has-text-color\" style=\"color:#f4f7fc;line-height:1.7\">\u0421\u043f\u043e\u0440\u0442\u0438\u0432\u043d\u0438\u0439 \u0440\u043e\u0437\u0432\u0438\u0442\u043e\u043a \u043a\u043b\u0443\u0431\u0443 \u0442\u0430\u043a\u043e\u0436 \u0454 \u0447\u0430\u0441\u0442\u0438\u043d\u043e\u044e \u0445\u0440\u043e\u043d\u0456\u043a\u0438 \u2013 \u0437 \u0431\u0430\u0433\u0430\u0442\u044c\u043c\u0430 \u0456\u0433\u0440\u0430\u043c\u0438, \u0441\u043f\u0435\u0446\u0456\u0430\u043b\u044c\u043d\u0438\u043c\u0438 \u043a\u043e\u043c\u0430\u043d\u0434\u0430\u043c\u0438 \u0442\u0430 \u0432\u0438\u0437\u043d\u0430\u0447\u0430\u043b\u044c\u043d\u0438\u043c\u0438 \u043c\u043e\u043c\u0435\u043d\u0442\u0430\u043c\u0438 \u043d\u0430 \u043f\u043e\u043b\u0456.<\/p>\n\n\n\n<p class=\"kochba-link-wrap\"><a href=\"\/ua\/mannschaft\/\" class=\"kochba-pill-link\">\u041f\u0440\u043e \u043a\u043e\u043c\u0430\u043d\u0434\u0443<\/a><\/p>\n<\/div>\n<\/div>\n\n\n\n<div class=\"wp-block-column is-layout-flow wp-block-column-is-layout-flow\" style=\"flex-basis:50%\">\n<div class=\"wp-block-group kochba-kachel has-background is-layout-flow wp-block-group-is-layout-flow\" style=\"border-radius:24px;background-color:#2d5798;padding-top:28px;padding-right:28px;padding-bottom:28px;padding-left:28px\">\n<p style=\"margin-top:0;margin-bottom:8px;font-size:clamp(1.25rem, 1.25rem + ((1vw - 0.2rem) * 1.25), 2rem);\">\ud83d\udcc5<\/p>\n\n\n\n<h3 class=\"wp-block-heading has-text-color\" style=\"color:#ffffff;margin-top:0;margin-bottom:12px\">\u041f\u0440\u0438\u0437\u043d\u0430\u0447\u0435\u043d\u043d\u044f<\/h3>\n\n\n\n<p class=\"has-text-color\" style=\"color:#f4f7fc;line-height:1.7\">\u0406\u0441\u0442\u043e\u0440\u0456\u044f \u043a\u043b\u0443\u0431\u0443 \u043f\u0440\u043e\u0434\u043e\u0432\u0436\u0443\u0454 \u043f\u0438\u0441\u0430\u0442\u0438\u0441\u044f \u2013 \u0447\u0435\u0440\u0435\u0437 \u0456\u0433\u0440\u0438, \u0437\u0430\u0445\u043e\u0434\u0438 \u0442\u0430 \u0441\u043f\u0456\u043b\u044c\u043d\u0456 \u0437\u0430\u0445\u043e\u0434\u0438 \u043f\u0440\u043e\u0442\u044f\u0433\u043e\u043c \u0440\u043e\u043a\u0443.<\/p>\n\n\n\n<p class=\"kochba-link-wrap\"><a href=\"\/ua\/termine\/\" class=\"kochba-pill-link\">\u0429\u043e\u0434\u043e \u0434\u0430\u0442<\/a><\/p>\n<\/div>\n<\/div>\n<\/div>\n<\/div>","protected":false},"excerpt":{"rendered":"<p>Die Geschichte von TuS Bar Kochba N\u00fcrnberg ist gepr\u00e4gt von sportlichen Erfolgen, besonderen Pers\u00f6nlichkeiten, gelebter Gemeinschaft und vielen Erinnerungen, die den Verein bis heute tragen. Unsere Chronik gibt einen Einblick [&hellip;]<\/p>\n","protected":false},"author":1,"featured_media":0,"parent":0,"menu_order":0,"comment_status":"closed","ping_status":"closed","template":"","meta":{"pgc_sgb_lightbox_settings":"","_EventAllDay":false,"_EventTimezone":"","_EventStartDate":"","_EventEndDate":"","_EventStartDateUTC":"","_EventEndDateUTC":"","_EventShowMap":false,"_EventShowMapLink":false,"_EventURL":"","_EventCost":"","_EventCostDescription":"","_EventCurrencySymbol":"","_EventCurrencyCode":"","_EventCurrencyPosition":"","_EventDateTimeSeparator":"","_EventTimeRangeSeparator":"","_EventOrganizerID":[],"_EventVenueID":[],"_OrganizerEmail":"","_OrganizerPhone":"","_OrganizerWebsite":"","_VenueAddress":"","_VenueCity":"","_VenueCountry":"","_VenueProvince":"","_VenueState":"","_VenueZip":"","_VenuePhone":"","_VenueURL":"","_VenueStateProvince":"","_VenueLat":"","_VenueLng":"","_VenueShowMap":false,"_VenueShowMapLink":false,"footnotes":""},"class_list":["post-23","page","type-page","status-publish","hentry"],"_links":{"self":[{"href":"https:\/\/tusbarkochba.de\/ua\/wp-json\/wp\/v2\/pages\/23","targetHints":{"allow":["GET"]}}],"collection":[{"href":"https:\/\/tusbarkochba.de\/ua\/wp-json\/wp\/v2\/pages"}],"about":[{"href":"https:\/\/tusbarkochba.de\/ua\/wp-json\/wp\/v2\/types\/page"}],"author":[{"embeddable":true,"href":"https:\/\/tusbarkochba.de\/ua\/wp-json\/wp\/v2\/users\/1"}],"replies":[{"embeddable":true,"href":"https:\/\/tusbarkochba.de\/ua\/wp-json\/wp\/v2\/comments?post=23"}],"version-history":[{"count":5,"href":"https:\/\/tusbarkochba.de\/ua\/wp-json\/wp\/v2\/pages\/23\/revisions"}],"predecessor-version":[{"id":1193,"href":"https:\/\/tusbarkochba.de\/ua\/wp-json\/wp\/v2\/pages\/23\/revisions\/1193"}],"wp:attachment":[{"href":"https:\/\/tusbarkochba.de\/ua\/wp-json\/wp\/v2\/media?parent=23"}],"curies":[{"name":"\u0412\u041f","href":"https:\/\/api.w.org\/{rel}","templated":true}]}}